{"id":3605,"date":"2022-09-30T14:55:38","date_gmt":"2022-09-30T18:55:38","guid":{"rendered":"https:\/\/www.lgldesign.com\/a-propos\/temoignages\/"},"modified":"2024-02-07T09:54:40","modified_gmt":"2024-02-07T13:54:40","slug":"temoignages","status":"publish","type":"page","link":"https:\/\/www.lgldesign.com\/fr\/a-propos\/temoignages\/","title":{"rendered":"T\u00e9moignages"},"content":{"rendered":"\n<div class=\"is-layout-flow wp-block-group alignfull intro\" id=\"intro\">\n<div class=\"is-layout-flow wp-block-group container fade-in\">\n<div class=\"is-layout-flex wp-container-2 wp-block-columns row\">\n<div class=\"is-layout-flow wp-block-column col-lg-10 mb-0\">\n<h1 class=\"has-text-align-center mb-20px\">T\u00e9moignages<\/h1>\n\n\n\n<p class=\"has-text-align-center sous-titre texte-gros letter-spacing-2px\">CLIENTS &amp; COLLABORATEURS<\/p>\n\n\n\n<p class=\"has-text-align-center letter-spacing-1px line-height-1-7\">Travailler avec Les Boiseries LGL va bien au-del\u00e0 de la r\u00e9alisation de votre projet, par-dessus tout, notre objectif est d\u2019\u00e9tablir avec vous un climat de confiance qui nous permette de r\u00e9aliser ensemble les pi\u00e8ces superbes. <\/p>\n<\/div>\n<\/div>\n<\/div>\n\n\n\n<div id=\"signature-lgl-beige\" class=\"is-layout-flow wp-block-group\">\n<div class=\"is-layout-flow wp-block-group signature-lgl-bg-intro\">\n<div id=\"200\" class=\"is-layout-flow wp-block-group signature-lgl-beige-bg signature-lgl-parallax\"><\/div>\n<\/div>\n<\/div>\n<\/div>\n\n\n\n<div class=\"is-layout-flow wp-block-group alignfull fond-gris pt-80px pb-40px\" id=\"avec-photo\">\n<div class=\"is-layout-flow wp-block-group container fade-in mb-md-40px\">\n<div id=\"slider-temoignages\" class=\"is-layout-flow wp-block-group slider-temoignages\">\n<div class=\"is-layout-flow wp-block-group slider-temoignages__item\">\n<figure class=\"wp-block-image size-large\"><img decoding=\"async\" loading=\"lazy\" width=\"1023\" height=\"682\" src=\"https:\/\/www.lgldesign.com\/wp-content\/uploads\/2022\/10\/Boiseries-LGL_cuisine_tretiak_HR-0007984-HDR-R_2-theme-1023x682.jpg\" alt=\"\" class=\"wp-image-2082\" srcset=\"https:\/\/www.lgldesign.com\/wp-content\/uploads\/2022\/10\/Boiseries-LGL_cuisine_tretiak_HR-0007984-HDR-R_2-theme-1023x682.jpg 1023w, https:\/\/www.lgldesign.com\/wp-content\/uploads\/2022\/10\/Boiseries-LGL_cuisine_tretiak_HR-0007984-HDR-R_2-theme-1278x852.jpg 1278w, https:\/\/www.lgldesign.com\/wp-content\/uploads\/2022\/10\/Boiseries-LGL_cuisine_tretiak_HR-0007984-HDR-R_2-theme-640x426.jpg 640w, https:\/\/www.lgldesign.com\/wp-content\/uploads\/2022\/10\/Boiseries-LGL_cuisine_tretiak_HR-0007984-HDR-R_2-theme-768x512.jpg 768w, https:\/\/www.lgldesign.com\/wp-content\/uploads\/2022\/10\/Boiseries-LGL_cuisine_tretiak_HR-0007984-HDR-R_2-theme-1536x1024.jpg 1536w, https:\/\/www.lgldesign.com\/wp-content\/uploads\/2022\/10\/Boiseries-LGL_cuisine_tretiak_HR-0007984-HDR-R_2-theme.jpg 2000w\" sizes=\"(max-width: 1023px) 100vw, 1023px\" \/><\/figure>\n\n\n\n<div class=\"is-layout-flow wp-block-group carre-blanc\">\n<h5>Melanie Saad<\/h5>\n\n\n\n<p class=\"sous-titre\">4cdesign inc.<\/p>\n\n\n\n<div class=\"is-layout-flow wp-block-group lignes-separation\">\n<p> <\/p>\n<\/div>\n\n\n\n<p><a>La collaboration avec l&rsquo;\u00e9quipe de Boiseries LGL est un pur plaisir. Son attention aux d\u00e9tails, la quantit\u00e9 de mat\u00e9riaux et de finitions avec l\u2019importance accord\u00e9e \u00e0 la qualit\u00e9 de la confection ne sont que quelques-unes des nombreuses fa\u00e7ons dont elle nous aide \u00e0 essayer de cr\u00e9er des int\u00e9rieurs intemporels.<\/a><\/p>\n\n\n\n<p><a>Un bon design fait toute la diff\u00e9rence<\/a><\/p>\n<\/div>\n<\/div>\n\n\n\n<div class=\"is-layout-flow wp-block-group slider-temoignages__item\">\n<figure class=\"wp-block-image size-large\"><img decoding=\"async\" loading=\"lazy\" width=\"1023\" height=\"682\" src=\"https:\/\/www.lgldesign.com\/wp-content\/uploads\/2022\/10\/photo-theme-arpin2-1-1023x682.webp\" alt=\"\" class=\"wp-image-1915\" srcset=\"https:\/\/www.lgldesign.com\/wp-content\/uploads\/2022\/10\/photo-theme-arpin2-1-1023x682.webp 1023w, https:\/\/www.lgldesign.com\/wp-content\/uploads\/2022\/10\/photo-theme-arpin2-1-1278x852.webp 1278w, https:\/\/www.lgldesign.com\/wp-content\/uploads\/2022\/10\/photo-theme-arpin2-1-640x426.webp 640w, https:\/\/www.lgldesign.com\/wp-content\/uploads\/2022\/10\/photo-theme-arpin2-1-768x512.webp 768w, https:\/\/www.lgldesign.com\/wp-content\/uploads\/2022\/10\/photo-theme-arpin2-1-1536x1024.webp 1536w, https:\/\/www.lgldesign.com\/wp-content\/uploads\/2022\/10\/photo-theme-arpin2-1.webp 2000w\" sizes=\"(max-width: 1023px) 100vw, 1023px\" \/><\/figure>\n\n\n\n<div class=\"is-layout-flow wp-block-group carre-blanc\">\n<h5>Debby Pag\u00e9<\/h5>\n\n\n\n<p class=\"sous-titre\">ENTRE 4 MURS<\/p>\n\n\n\n<div class=\"is-layout-flow wp-block-group lignes-separation\">\n<p> <\/p>\n<\/div>\n\n\n\n<p>\u00c9b\u00e9nisterie LGL est une entreprise de confiance o\u00f9 nous avons, d\u00e8s le premier projet, compris qu\u2019ils allaient toujours trouver une solution pour effectuer nos concepts tels que dessin\u00e9s, et ce, peu importe la difficult\u00e9 du d\u00e9tail. De la relation avec les clients jusqu\u2019\u00e0 la finition des d\u00e9tails, le travail est ex\u00e9cut\u00e9 avec une attention particuli\u00e8re. Ce sont des \u00e9b\u00e9nistes passionn\u00e9s o\u00f9 le d\u00e9sir de concevoir de nouveau projet de qualit\u00e9 est sinc\u00e8re.<\/p>\n<\/div>\n<\/div>\n<\/div>\n<\/div>\n\n\n\n<p class=\"has-text-align-center texte-gris-pale pt-sm-25px mb-0 mb-sm-25px\"><a>Faites d\u00e9filer vers le bas pour lire plus de t\u00e9moignages<\/a><\/p>\n<\/div>\n\n\n\n<div class=\"is-layout-flow wp-block-group alignfull fond-gris-tres-pale pt-100px\" id=\"sans-photo\">\n<div class=\"is-layout-flow wp-block-group icon-quote mt-20px opacite-20 fade-in\"><\/div>\n\n\n\n<div class=\"is-layout-flow wp-block-group container\">\n<div class=\"is-layout-flex wp-container-25 wp-block-columns row pt-50px\">\n<div class=\"is-layout-flow wp-block-column col-xl-10 col-lg-10\">\n<div class=\"is-layout-flow wp-block-group encadre-temoignage\">\n<div class=\"is-layout-flow wp-block-group encadre-temoignage__content\">\n<p>Voici maintenant plusieurs ann\u00e9es que notre entreprise, le Groupe Casanova Construction inc., installons des ameublements sur mesure produits par LGL design.<br>Des plans d\u00e9taill\u00e9s avec des prises de mesures tr\u00e8s pr\u00e9cises nous fournissent tous les \u00e9l\u00e9ments n\u00e9cessaires pour effectuer les travaux d\u2018installation efficacement. Le d\u00e9partement de la production communique constamment avec nous et nous accompagne tout au long du travail. La conception de leur produit r\u00e9pond \u00e0 des crit\u00e8res de finition haut de gamme qui rend la prise en charge de l\u2019installation agr\u00e9able et procure une satisfaction assur\u00e9e \u00e0 la client\u00e8le. Notre priorit\u00e9 \u00e9tant d\u2019offrir un service et un produit fini de haute qualit\u00e9, nous appr\u00e9cions particuli\u00e8rement collaborer avec LGL.<\/p>\n\n\n\n<p>Vincent Casanova \u2013 Groupe Casanova Construction inc.<\/p>\n<\/div>\n<\/div>\n\n\n\n<div class=\"is-layout-flow wp-block-group encadre-temoignage\">\n<div class=\"is-layout-flow wp-block-group encadre-temoignage__content\">\n<p><a>LGL est une \u00e9quipe de professionnels et ils font attention aux menus d\u00e9tails, ce qui est imp\u00e9ratif pour un design de cuisine magnifiquement authentique&nbsp;!<\/a><\/p>\n\n\n\n<p>Kimberly Watt<\/p>\n<\/div>\n<\/div>\n\n\n\n<div class=\"is-layout-flow wp-block-group encadre-temoignage\">\n<div class=\"is-layout-flow wp-block-group encadre-temoignage__content\">\n<p>\u00c9b\u00e9nisterie LGL offre un service de qualit\u00e9 sup\u00e9rieure en respectant le design choisi ainsi que les d\u00e9lais de livraison. Pour des travaux de boiserie d\u2019une \u00e9l\u00e9gance sans pareil, n\u2019h\u00e9sitez surtout pas \u00e0 leur confier vos projets les plus perfectionnistes !<\/p>\n\n\n\n<p>Roland Jr Henry, VP Maisons HR<\/p>\n<\/div>\n<\/div>\n\n\n\n<div style=\"height:100px\" aria-hidden=\"true\" class=\"wp-block-spacer\"><\/div>\n<\/div>\n<\/div>\n<\/div>\n<\/div>\n","protected":false},"excerpt":{"rendered":"<p>T\u00e9moignages CLIENTS &amp; COLLABORATEURS Travailler avec Les Boiseries LGL va bien au-del\u00e0 de la r\u00e9alisation de votre projet, par-dessus tout, notre objectif est d\u2019\u00e9tablir avec vous un climat de confiance qui nous permette de r\u00e9aliser ensemble les pi\u00e8ces superbes. Melanie&#8230; <a href=\"https:\/\/www.lgldesign.com\/fr\/a-propos\/temoignages\/\">Lire la suite<\/a> <a class=\"understrap-read-more-link btn btn-bleu py-5px px-15px ml-10px mt-0 d-none\" href=\"https:\/\/www.lgldesign.com\/fr\/a-propos\/temoignages\/\">Lire la suite<span class=\"screen-reader-text\"> from T\u00e9moignages<\/span><\/a><\/p>\n","protected":false},"author":1,"featured_media":0,"parent":3603,"menu_order":0,"comment_status":"closed","ping_status":"closed","template":"pages-templates\/page_standard.php","meta":[],"yoast_head":"<!-- This site is optimized with the Yoast SEO plugin v20.7 - https:\/\/yoast.com\/wordpress\/plugins\/seo\/ -->\n<title>T\u00e9moignages - \u00c9b\u00e9nisterie LGL<\/title>\n<meta name=\"robots\" content=\"index, follow, max-snippet:-1, max-image-preview:large, max-video-preview:-1\" \/>\n<link rel=\"canonical\" href=\"https:\/\/www.lgldesign.com\/fr\/a-propos\/temoignages\/\" \/>\n<meta property=\"og:locale\" content=\"fr_FR\" \/>\n<meta property=\"og:type\" content=\"article\" \/>\n<meta property=\"og:title\" content=\"T\u00e9moignages - \u00c9b\u00e9nisterie LGL\" \/>\n<meta property=\"og:description\" content=\"T\u00e9moignages CLIENTS &amp; COLLABORATEURS Travailler avec Les Boiseries LGL va bien au-del\u00e0 de la r\u00e9alisation de votre projet, par-dessus tout, notre objectif est d\u2019\u00e9tablir avec vous un climat de confiance qui nous permette de r\u00e9aliser ensemble les pi\u00e8ces superbes. Melanie... Lire la suite Lire la suite from T\u00e9moignages\" \/>\n<meta property=\"og:url\" content=\"https:\/\/www.lgldesign.com\/fr\/a-propos\/temoignages\/\" \/>\n<meta property=\"og:site_name\" content=\"LGL Woodworks\" \/>\n<meta property=\"article:modified_time\" content=\"2024-02-07T13:54:40+00:00\" \/>\n<meta property=\"og:image\" content=\"https:\/\/www.lgldesign.com\/wp-content\/uploads\/2022\/10\/Boiseries-LGL_cuisine_tretiak_HR-0007984-HDR-R_2-theme-1023x682.jpg\" \/>\n<meta name=\"twitter:label1\" content=\"Dur\u00e9e de lecture estim\u00e9e\" \/>\n\t<meta name=\"twitter:data1\" content=\"2 minutes\" \/>\n<script type=\"application\/ld+json\" class=\"yoast-schema-graph\">{\"@context\":\"https:\/\/schema.org\",\"@graph\":[{\"@type\":\"WebPage\",\"@id\":\"https:\/\/www.lgldesign.com\/fr\/a-propos\/temoignages\/\",\"url\":\"https:\/\/www.lgldesign.com\/fr\/a-propos\/temoignages\/\",\"name\":\"T\u00e9moignages - \u00c9b\u00e9nisterie LGL\",\"isPartOf\":{\"@id\":\"https:\/\/www.lgldesign.com\/fr\/#website\"},\"datePublished\":\"2022-09-30T18:55:38+00:00\",\"dateModified\":\"2024-02-07T13:54:40+00:00\",\"breadcrumb\":{\"@id\":\"https:\/\/www.lgldesign.com\/fr\/a-propos\/temoignages\/#breadcrumb\"},\"inLanguage\":\"fr-FR\",\"potentialAction\":[{\"@type\":\"ReadAction\",\"target\":[\"https:\/\/www.lgldesign.com\/fr\/a-propos\/temoignages\/\"]}]},{\"@type\":\"BreadcrumbList\",\"@id\":\"https:\/\/www.lgldesign.com\/fr\/a-propos\/temoignages\/#breadcrumb\",\"itemListElement\":[{\"@type\":\"ListItem\",\"position\":1,\"name\":\"Home\",\"item\":\"https:\/\/www.lgldesign.com\/fr\/\"},{\"@type\":\"ListItem\",\"position\":2,\"name\":\"\u00c0 propos\",\"item\":\"https:\/\/www.lgldesign.com\/fr\/a-propos\/\"},{\"@type\":\"ListItem\",\"position\":3,\"name\":\"T\u00e9moignages\"}]},{\"@type\":\"WebSite\",\"@id\":\"https:\/\/www.lgldesign.com\/fr\/#website\",\"url\":\"https:\/\/www.lgldesign.com\/fr\/\",\"name\":\"LGL Woodworks\",\"description\":\"\u00c9b\u00e9nisterie\",\"publisher\":{\"@id\":\"https:\/\/www.lgldesign.com\/fr\/#organization\"},\"potentialAction\":[{\"@type\":\"SearchAction\",\"target\":{\"@type\":\"EntryPoint\",\"urlTemplate\":\"https:\/\/www.lgldesign.com\/fr\/?s={search_term_string}\"},\"query-input\":\"required name=search_term_string\"}],\"inLanguage\":\"fr-FR\"},{\"@type\":\"Organization\",\"@id\":\"https:\/\/www.lgldesign.com\/fr\/#organization\",\"name\":\"LGL Woodworks\",\"url\":\"https:\/\/www.lgldesign.com\/fr\/\",\"logo\":{\"@type\":\"ImageObject\",\"inLanguage\":\"fr-FR\",\"@id\":\"https:\/\/www.lgldesign.com\/fr\/#\/schema\/logo\/image\/\",\"url\":\"https:\/\/www.lgldesign.com\/wp-content\/uploads\/2023\/05\/logo-en.png\",\"contentUrl\":\"https:\/\/www.lgldesign.com\/wp-content\/uploads\/2023\/05\/logo-en.png\",\"width\":800,\"height\":397,\"caption\":\"LGL Woodworks\"},\"image\":{\"@id\":\"https:\/\/www.lgldesign.com\/fr\/#\/schema\/logo\/image\/\"}}]}<\/script>\n<!-- \/ Yoast SEO plugin. -->","yoast_head_json":{"title":"T\u00e9moignages - \u00c9b\u00e9nisterie LGL","robots":{"index":"index","follow":"follow","max-snippet":"max-snippet:-1","max-image-preview":"max-image-preview:large","max-video-preview":"max-video-preview:-1"},"canonical":"https:\/\/www.lgldesign.com\/fr\/a-propos\/temoignages\/","og_locale":"fr_FR","og_type":"article","og_title":"T\u00e9moignages - \u00c9b\u00e9nisterie LGL","og_description":"T\u00e9moignages CLIENTS &amp; COLLABORATEURS Travailler avec Les Boiseries LGL va bien au-del\u00e0 de la r\u00e9alisation de votre projet, par-dessus tout, notre objectif est d\u2019\u00e9tablir avec vous un climat de confiance qui nous permette de r\u00e9aliser ensemble les pi\u00e8ces superbes. Melanie... Lire la suite Lire la suite from T\u00e9moignages","og_url":"https:\/\/www.lgldesign.com\/fr\/a-propos\/temoignages\/","og_site_name":"LGL Woodworks","article_modified_time":"2024-02-07T13:54:40+00:00","og_image":[{"url":"https:\/\/www.lgldesign.com\/wp-content\/uploads\/2022\/10\/Boiseries-LGL_cuisine_tretiak_HR-0007984-HDR-R_2-theme-1023x682.jpg"}],"twitter_misc":{"Dur\u00e9e de lecture estim\u00e9e":"2 minutes"},"schema":{"@context":"https:\/\/schema.org","@graph":[{"@type":"WebPage","@id":"https:\/\/www.lgldesign.com\/fr\/a-propos\/temoignages\/","url":"https:\/\/www.lgldesign.com\/fr\/a-propos\/temoignages\/","name":"T\u00e9moignages - \u00c9b\u00e9nisterie LGL","isPartOf":{"@id":"https:\/\/www.lgldesign.com\/fr\/#website"},"datePublished":"2022-09-30T18:55:38+00:00","dateModified":"2024-02-07T13:54:40+00:00","breadcrumb":{"@id":"https:\/\/www.lgldesign.com\/fr\/a-propos\/temoignages\/#breadcrumb"},"inLanguage":"fr-FR","potentialAction":[{"@type":"ReadAction","target":["https:\/\/www.lgldesign.com\/fr\/a-propos\/temoignages\/"]}]},{"@type":"BreadcrumbList","@id":"https:\/\/www.lgldesign.com\/fr\/a-propos\/temoignages\/#breadcrumb","itemListElement":[{"@type":"ListItem","position":1,"name":"Home","item":"https:\/\/www.lgldesign.com\/fr\/"},{"@type":"ListItem","position":2,"name":"\u00c0 propos","item":"https:\/\/www.lgldesign.com\/fr\/a-propos\/"},{"@type":"ListItem","position":3,"name":"T\u00e9moignages"}]},{"@type":"WebSite","@id":"https:\/\/www.lgldesign.com\/fr\/#website","url":"https:\/\/www.lgldesign.com\/fr\/","name":"LGL Woodworks","description":"\u00c9b\u00e9nisterie","publisher":{"@id":"https:\/\/www.lgldesign.com\/fr\/#organization"},"potentialAction":[{"@type":"SearchAction","target":{"@type":"EntryPoint","urlTemplate":"https:\/\/www.lgldesign.com\/fr\/?s={search_term_string}"},"query-input":"required name=search_term_string"}],"inLanguage":"fr-FR"},{"@type":"Organization","@id":"https:\/\/www.lgldesign.com\/fr\/#organization","name":"LGL Woodworks","url":"https:\/\/www.lgldesign.com\/fr\/","logo":{"@type":"ImageObject","inLanguage":"fr-FR","@id":"https:\/\/www.lgldesign.com\/fr\/#\/schema\/logo\/image\/","url":"https:\/\/www.lgldesign.com\/wp-content\/uploads\/2023\/05\/logo-en.png","contentUrl":"https:\/\/www.lgldesign.com\/wp-content\/uploads\/2023\/05\/logo-en.png","width":800,"height":397,"caption":"LGL Woodworks"},"image":{"@id":"https:\/\/www.lgldesign.com\/fr\/#\/schema\/logo\/image\/"}}]}},"_links":{"self":[{"href":"https:\/\/www.lgldesign.com\/fr\/wp-json\/wp\/v2\/pages\/3605"}],"collection":[{"href":"https:\/\/www.lgldesign.com\/fr\/wp-json\/wp\/v2\/pages"}],"about":[{"href":"https:\/\/www.lgldesign.com\/fr\/wp-json\/wp\/v2\/types\/page"}],"author":[{"embeddable":true,"href":"https:\/\/www.lgldesign.com\/fr\/wp-json\/wp\/v2\/users\/1"}],"replies":[{"embeddable":true,"href":"https:\/\/www.lgldesign.com\/fr\/wp-json\/wp\/v2\/comments?post=3605"}],"version-history":[{"count":17,"href":"https:\/\/www.lgldesign.com\/fr\/wp-json\/wp\/v2\/pages\/3605\/revisions"}],"predecessor-version":[{"id":4312,"href":"https:\/\/www.lgldesign.com\/fr\/wp-json\/wp\/v2\/pages\/3605\/revisions\/4312"}],"up":[{"embeddable":true,"href":"https:\/\/www.lgldesign.com\/fr\/wp-json\/wp\/v2\/pages\/3603"}],"wp:attachment":[{"href":"https:\/\/www.lgldesign.com\/fr\/wp-json\/wp\/v2\/media?parent=3605"}],"curies":[{"name":"wp","href":"https:\/\/api.w.org\/{rel}","templated":true}]}}