{"id":3646,"date":"2022-10-12T16:39:55","date_gmt":"2022-10-12T20:39:55","guid":{"rendered":"https:\/\/www.lgldesign.com\/portfolio\/projet-le-tremblant-one-of-a-kind\/"},"modified":"2024-02-07T10:39:48","modified_gmt":"2024-02-07T14:39:48","slug":"projet-tremblant-une-residence-unique-en-son-genre","status":"publish","type":"page","link":"https:\/\/www.lgldesign.com\/fr\/portfolio\/projet-tremblant-une-residence-unique-en-son-genre\/","title":{"rendered":"Projet LE-Tremblant \u2013 Une r\u00e9sidence unique en son genre"},"content":{"rendered":"\n<div class=\"wp-block-cover alignfull entete-photo entete-photo__projet full-width img-haut-100 wp-block-cover--parallax\"><span aria-hidden=\"true\" class=\"wp-block-cover__background has-background-dim-0 has-background-dim\"><\/span><img decoding=\"async\" loading=\"lazy\" width=\"2560\" height=\"1707\" class=\"wp-block-cover__image-background wp-image-2743\" alt=\"\" src=\"https:\/\/www.lgldesign.com\/wp-content\/uploads\/2022\/10\/photo-theme-tremblant2-scaled.jpg\" data-object-fit=\"cover\" srcset=\"https:\/\/www.lgldesign.com\/wp-content\/uploads\/2022\/10\/photo-theme-tremblant2-scaled.jpg 2560w, https:\/\/www.lgldesign.com\/wp-content\/uploads\/2022\/10\/photo-theme-tremblant2-1278x852.jpg 1278w, https:\/\/www.lgldesign.com\/wp-content\/uploads\/2022\/10\/photo-theme-tremblant2-1023x682.jpg 1023w, https:\/\/www.lgldesign.com\/wp-content\/uploads\/2022\/10\/photo-theme-tremblant2-640x426.jpg 640w, https:\/\/www.lgldesign.com\/wp-content\/uploads\/2022\/10\/photo-theme-tremblant2-768x512.jpg 768w, https:\/\/www.lgldesign.com\/wp-content\/uploads\/2022\/10\/photo-theme-tremblant2-1536x1024.jpg 1536w, https:\/\/www.lgldesign.com\/wp-content\/uploads\/2022\/10\/photo-theme-tremblant2-2048x1365.jpg 2048w\" sizes=\"(max-width: 2560px) 100vw, 2560px\" \/><div class=\"wp-block-cover__inner-container\">\n<div class=\"is-layout-flow wp-block-group scrollToContent\"><\/div>\n<\/div><\/div>\n\n\n\n<div class=\"is-layout-flex wp-container-6 wp-block-columns row\">\n<div class=\"is-layout-flow wp-block-column col-xl-10 col-lg-11\">\n<div class=\"is-layout-flow wp-block-group intro-portfolio\">\n<h1 class=\"has-text-align-center mb-20px\">Une r\u00e9sidence unique en son genre \u00e0 Tremblant<\/h1>\n\n\n\n<p class=\"has-text-align-center\">Cette remarquable maison de c\u00e9l\u00e9brit\u00e9 \u00e0 Tremblant nous a permis de concevoir des profils de moulage uniques sur mesure pour plus de 30 projets. Lorsque vous allez jusqu&rsquo;\u00e0 produire des grilles de plancher en bois IPE pour chasser la neige des bottes de ski, vous savez que vous avez tout accompli.<\/p>\n\n\n\n<div class=\"is-layout-flow wp-block-group signature-lgl-bg-intro\">\n<div class=\"is-layout-flow wp-block-group signature-lgl-beige-bg signature-lgl-parallax\"><\/div>\n<\/div>\n<\/div>\n<\/div>\n<\/div>\n\n\n\n<div class=\"is-layout-flex wp-container-8 wp-block-columns row mb-20px\">\n<div class=\"is-layout-flow wp-block-column col-xl-6 fade-in-up\" style=\"flex-basis:50%\">\n<figure class=\"wp-block-image aligncenter size-large is-resized texte-moyen\"><img decoding=\"async\" loading=\"lazy\" src=\"https:\/\/www.lgldesign.com\/wp-content\/uploads\/2022\/10\/revue3-1063x682.webp\" alt=\"\" class=\"wp-image-1170\" width=\"585\" height=\"375\" srcset=\"https:\/\/www.lgldesign.com\/wp-content\/uploads\/2022\/10\/revue3-1063x682.webp 1063w, https:\/\/www.lgldesign.com\/wp-content\/uploads\/2022\/10\/revue3-768x493.webp 768w, https:\/\/www.lgldesign.com\/wp-content\/uploads\/2022\/10\/revue3.webp 1250w\" sizes=\"(max-width: 585px) 100vw, 585px\" \/><figcaption class=\"wp-element-caption\">Voici des photos de nos r\u00e9alisations publi\u00e9es dans le magazine Prestige&nbsp;Design&nbsp;:<\/figcaption><\/figure>\n<\/div>\n<\/div>\n\n\n\n<h2 class=\"has-text-align-center\">Salon<\/h2>\n\n\n\n<div id=\"cuisine\" class=\"is-layout-flow wp-block-group slider-projet galerie-projet\">\n<figure class=\"wp-block-image size-large\"><img decoding=\"async\" loading=\"lazy\" width=\"682\" height=\"682\" src=\"https:\/\/www.lgldesign.com\/wp-content\/uploads\/2022\/10\/Image-4-682x682.webp\" alt=\"\" class=\"wp-image-1191\" srcset=\"https:\/\/www.lgldesign.com\/wp-content\/uploads\/2022\/10\/Image-4-682x682.webp 682w, https:\/\/www.lgldesign.com\/wp-content\/uploads\/2022\/10\/Image-4-852x852.webp 852w, https:\/\/www.lgldesign.com\/wp-content\/uploads\/2022\/10\/Image-4-768x768.webp 768w, https:\/\/www.lgldesign.com\/wp-content\/uploads\/2022\/10\/Image-4-1536x1536.webp 1536w, https:\/\/www.lgldesign.com\/wp-content\/uploads\/2022\/10\/Image-4.webp 2000w\" sizes=\"(max-width: 682px) 100vw, 682px\" \/><figcaption class=\"wp-element-caption\">Hall d&rsquo;entr\u00e9e lambriss\u00e9<\/figcaption><\/figure>\n\n\n\n<figure class=\"wp-block-image size-large\"><img decoding=\"async\" loading=\"lazy\" width=\"682\" height=\"682\" src=\"https:\/\/www.lgldesign.com\/wp-content\/uploads\/2022\/10\/Image-4b-682x682.webp\" alt=\"\" class=\"wp-image-1190\" srcset=\"https:\/\/www.lgldesign.com\/wp-content\/uploads\/2022\/10\/Image-4b-682x682.webp 682w, https:\/\/www.lgldesign.com\/wp-content\/uploads\/2022\/10\/Image-4b-852x852.webp 852w, https:\/\/www.lgldesign.com\/wp-content\/uploads\/2022\/10\/Image-4b-768x768.webp 768w, https:\/\/www.lgldesign.com\/wp-content\/uploads\/2022\/10\/Image-4b-1536x1536.webp 1536w, https:\/\/www.lgldesign.com\/wp-content\/uploads\/2022\/10\/Image-4b.webp 2000w\" sizes=\"(max-width: 682px) 100vw, 682px\" \/><figcaption class=\"wp-element-caption\">Bar et cellier<\/figcaption><\/figure>\n\n\n\n<figure class=\"wp-block-image size-large\"><img decoding=\"async\" loading=\"lazy\" width=\"682\" height=\"682\" src=\"https:\/\/www.lgldesign.com\/wp-content\/uploads\/2022\/10\/Image-5-682x682.webp\" alt=\"\" class=\"wp-image-1185\" srcset=\"https:\/\/www.lgldesign.com\/wp-content\/uploads\/2022\/10\/Image-5-682x682.webp 682w, https:\/\/www.lgldesign.com\/wp-content\/uploads\/2022\/10\/Image-5-852x852.webp 852w, https:\/\/www.lgldesign.com\/wp-content\/uploads\/2022\/10\/Image-5-768x768.webp 768w, https:\/\/www.lgldesign.com\/wp-content\/uploads\/2022\/10\/Image-5-1536x1536.webp 1536w, https:\/\/www.lgldesign.com\/wp-content\/uploads\/2022\/10\/Image-5.webp 2000w\" sizes=\"(max-width: 682px) 100vw, 682px\" \/><figcaption class=\"wp-element-caption\">Poutres sur mesure<\/figcaption><\/figure>\n<\/div>\n\n\n\n<h2 class=\"has-text-align-center\">CUISINE &amp; SALLE A MANGER<\/h2>\n\n\n\n<div id=\"cuisine\" class=\"is-layout-flow wp-block-group slider-projet galerie-projet\">\n<figure class=\"wp-block-image size-large\"><img decoding=\"async\" loading=\"lazy\" width=\"682\" height=\"682\" src=\"https:\/\/www.lgldesign.com\/wp-content\/uploads\/2022\/10\/Image-7-682x682.webp\" alt=\"\" class=\"wp-image-1198\" srcset=\"https:\/\/www.lgldesign.com\/wp-content\/uploads\/2022\/10\/Image-7-682x682.webp 682w, https:\/\/www.lgldesign.com\/wp-content\/uploads\/2022\/10\/Image-7-852x852.webp 852w, https:\/\/www.lgldesign.com\/wp-content\/uploads\/2022\/10\/Image-7-768x768.webp 768w, https:\/\/www.lgldesign.com\/wp-content\/uploads\/2022\/10\/Image-7-1536x1536.webp 1536w, https:\/\/www.lgldesign.com\/wp-content\/uploads\/2022\/10\/Image-7.webp 2000w\" sizes=\"(max-width: 682px) 100vw, 682px\" \/><figcaption class=\"wp-element-caption\">Cuisine<\/figcaption><\/figure>\n\n\n\n<figure class=\"wp-block-image size-large\"><img decoding=\"async\" loading=\"lazy\" width=\"682\" height=\"682\" src=\"https:\/\/www.lgldesign.com\/wp-content\/uploads\/2022\/10\/Image-6-682x682.webp\" alt=\"\" class=\"wp-image-1196\" srcset=\"https:\/\/www.lgldesign.com\/wp-content\/uploads\/2022\/10\/Image-6-682x682.webp 682w, https:\/\/www.lgldesign.com\/wp-content\/uploads\/2022\/10\/Image-6-852x852.webp 852w, https:\/\/www.lgldesign.com\/wp-content\/uploads\/2022\/10\/Image-6-768x768.webp 768w, https:\/\/www.lgldesign.com\/wp-content\/uploads\/2022\/10\/Image-6-1536x1536.webp 1536w, https:\/\/www.lgldesign.com\/wp-content\/uploads\/2022\/10\/Image-6.webp 2000w\" sizes=\"(max-width: 682px) 100vw, 682px\" \/><figcaption class=\"wp-element-caption\">Salle \u00e0 manger<\/figcaption><\/figure>\n\n\n\n<figure class=\"wp-block-image size-large\"><img decoding=\"async\" loading=\"lazy\" width=\"682\" height=\"682\" src=\"https:\/\/www.lgldesign.com\/wp-content\/uploads\/2022\/10\/Image-7b-682x682.webp\" alt=\"\" class=\"wp-image-1188\" srcset=\"https:\/\/www.lgldesign.com\/wp-content\/uploads\/2022\/10\/Image-7b-682x682.webp 682w, https:\/\/www.lgldesign.com\/wp-content\/uploads\/2022\/10\/Image-7b-852x852.webp 852w, https:\/\/www.lgldesign.com\/wp-content\/uploads\/2022\/10\/Image-7b-768x768.webp 768w, https:\/\/www.lgldesign.com\/wp-content\/uploads\/2022\/10\/Image-7b-1536x1536.webp 1536w, https:\/\/www.lgldesign.com\/wp-content\/uploads\/2022\/10\/Image-7b.webp 2000w\" sizes=\"(max-width: 682px) 100vw, 682px\" \/><figcaption class=\"wp-element-caption\">Salle \u00e0 manger<\/figcaption><\/figure>\n<\/div>\n\n\n\n<h2 class=\"has-text-align-center\">CHAMBRE \u00c0 COUCHER<\/h2>\n\n\n\n<div id=\"cuisine\" class=\"is-layout-flow wp-block-group slider-projet galerie-projet\">\n<figure class=\"wp-block-image size-large\"><img decoding=\"async\" loading=\"lazy\" width=\"682\" height=\"682\" src=\"https:\/\/www.lgldesign.com\/wp-content\/uploads\/2022\/10\/Image-8-682x682.webp\" alt=\"\" class=\"wp-image-1194\" srcset=\"https:\/\/www.lgldesign.com\/wp-content\/uploads\/2022\/10\/Image-8-682x682.webp 682w, https:\/\/www.lgldesign.com\/wp-content\/uploads\/2022\/10\/Image-8-852x852.webp 852w, https:\/\/www.lgldesign.com\/wp-content\/uploads\/2022\/10\/Image-8-768x768.webp 768w, https:\/\/www.lgldesign.com\/wp-content\/uploads\/2022\/10\/Image-8-1536x1536.webp 1536w, https:\/\/www.lgldesign.com\/wp-content\/uploads\/2022\/10\/Image-8.webp 2000w\" sizes=\"(max-width: 682px) 100vw, 682px\" \/><figcaption class=\"wp-element-caption\">Chambre<\/figcaption><\/figure>\n\n\n\n<figure class=\"wp-block-image size-large\"><img decoding=\"async\" loading=\"lazy\" width=\"682\" height=\"682\" src=\"https:\/\/www.lgldesign.com\/wp-content\/uploads\/2022\/10\/Image-9-682x682.webp\" alt=\"\" class=\"wp-image-1187\" srcset=\"https:\/\/www.lgldesign.com\/wp-content\/uploads\/2022\/10\/Image-9-682x682.webp 682w, https:\/\/www.lgldesign.com\/wp-content\/uploads\/2022\/10\/Image-9-852x852.webp 852w, https:\/\/www.lgldesign.com\/wp-content\/uploads\/2022\/10\/Image-9-768x768.webp 768w, https:\/\/www.lgldesign.com\/wp-content\/uploads\/2022\/10\/Image-9-1536x1536.webp 1536w, https:\/\/www.lgldesign.com\/wp-content\/uploads\/2022\/10\/Image-9.webp 2000w\" sizes=\"(max-width: 682px) 100vw, 682px\" \/><figcaption class=\"wp-element-caption\">Chambre<\/figcaption><\/figure>\n<\/div>\n\n\n\n<h2 class=\"has-text-align-center\">AUTRES PI\u00c8CES<\/h2>\n\n\n\n<div id=\"cuisine\" class=\"is-layout-flow wp-block-group slider-projet galerie-projet\">\n<figure class=\"wp-block-image size-large\"><img decoding=\"async\" loading=\"lazy\" width=\"682\" height=\"682\" src=\"https:\/\/www.lgldesign.com\/wp-content\/uploads\/2022\/10\/Image-10-682x682.webp\" alt=\"\" class=\"wp-image-1197\" srcset=\"https:\/\/www.lgldesign.com\/wp-content\/uploads\/2022\/10\/Image-10-682x682.webp 682w, https:\/\/www.lgldesign.com\/wp-content\/uploads\/2022\/10\/Image-10-852x852.webp 852w, https:\/\/www.lgldesign.com\/wp-content\/uploads\/2022\/10\/Image-10-768x768.webp 768w, https:\/\/www.lgldesign.com\/wp-content\/uploads\/2022\/10\/Image-10-1536x1536.webp 1536w, https:\/\/www.lgldesign.com\/wp-content\/uploads\/2022\/10\/Image-10.webp 2000w\" sizes=\"(max-width: 682px) 100vw, 682px\" \/><figcaption class=\"wp-element-caption\">Cin\u00e9ma<\/figcaption><\/figure>\n\n\n\n<figure class=\"wp-block-image size-large\"><img decoding=\"async\" loading=\"lazy\" width=\"682\" height=\"682\" src=\"https:\/\/www.lgldesign.com\/wp-content\/uploads\/2022\/10\/Image-9b-682x682.webp\" alt=\"\" class=\"wp-image-1193\" srcset=\"https:\/\/www.lgldesign.com\/wp-content\/uploads\/2022\/10\/Image-9b-682x682.webp 682w, https:\/\/www.lgldesign.com\/wp-content\/uploads\/2022\/10\/Image-9b-852x852.webp 852w, https:\/\/www.lgldesign.com\/wp-content\/uploads\/2022\/10\/Image-9b-768x768.webp 768w, https:\/\/www.lgldesign.com\/wp-content\/uploads\/2022\/10\/Image-9b-1536x1536.webp 1536w, https:\/\/www.lgldesign.com\/wp-content\/uploads\/2022\/10\/Image-9b.webp 2000w\" sizes=\"(max-width: 682px) 100vw, 682px\" \/><figcaption class=\"wp-element-caption\">Vanit\u00e9s de salle de bain<\/figcaption><\/figure>\n\n\n\n<figure class=\"wp-block-image size-large\"><img decoding=\"async\" loading=\"lazy\" width=\"682\" height=\"682\" src=\"https:\/\/www.lgldesign.com\/wp-content\/uploads\/2022\/10\/office-682x682.jpg\" alt=\"\" class=\"wp-image-2733\" srcset=\"https:\/\/www.lgldesign.com\/wp-content\/uploads\/2022\/10\/office-682x682.jpg 682w, https:\/\/www.lgldesign.com\/wp-content\/uploads\/2022\/10\/office-852x852.jpg 852w, https:\/\/www.lgldesign.com\/wp-content\/uploads\/2022\/10\/office-768x768.jpg 768w, https:\/\/www.lgldesign.com\/wp-content\/uploads\/2022\/10\/office-1536x1536.jpg 1536w, https:\/\/www.lgldesign.com\/wp-content\/uploads\/2022\/10\/office.jpg 2000w\" sizes=\"(max-width: 682px) 100vw, 682px\" \/><figcaption class=\"wp-element-caption\">Bureau<\/figcaption><\/figure>\n\n\n\n<figure class=\"wp-block-image size-large\"><img decoding=\"async\" loading=\"lazy\" width=\"682\" height=\"682\" src=\"https:\/\/www.lgldesign.com\/wp-content\/uploads\/2022\/10\/Image-10b-682x682.webp\" alt=\"\" class=\"wp-image-1189\" srcset=\"https:\/\/www.lgldesign.com\/wp-content\/uploads\/2022\/10\/Image-10b-682x682.webp 682w, https:\/\/www.lgldesign.com\/wp-content\/uploads\/2022\/10\/Image-10b-852x852.webp 852w, https:\/\/www.lgldesign.com\/wp-content\/uploads\/2022\/10\/Image-10b-768x768.webp 768w, https:\/\/www.lgldesign.com\/wp-content\/uploads\/2022\/10\/Image-10b-1536x1536.webp 1536w, https:\/\/www.lgldesign.com\/wp-content\/uploads\/2022\/10\/Image-10b.webp 2000w\" sizes=\"(max-width: 682px) 100vw, 682px\" \/><figcaption class=\"wp-element-caption\">Salle de sport<\/figcaption><\/figure>\n\n\n\n<figure class=\"wp-block-image size-large\"><img decoding=\"async\" loading=\"lazy\" width=\"682\" height=\"682\" src=\"https:\/\/www.lgldesign.com\/wp-content\/uploads\/2022\/10\/Image-10c-682x682.webp\" alt=\"\" class=\"wp-image-1195\" srcset=\"https:\/\/www.lgldesign.com\/wp-content\/uploads\/2022\/10\/Image-10c-682x682.webp 682w, https:\/\/www.lgldesign.com\/wp-content\/uploads\/2022\/10\/Image-10c-852x852.webp 852w, https:\/\/www.lgldesign.com\/wp-content\/uploads\/2022\/10\/Image-10c-768x768.webp 768w, https:\/\/www.lgldesign.com\/wp-content\/uploads\/2022\/10\/Image-10c-1536x1536.webp 1536w, https:\/\/www.lgldesign.com\/wp-content\/uploads\/2022\/10\/Image-10c.webp 2000w\" sizes=\"(max-width: 682px) 100vw, 682px\" \/><figcaption class=\"wp-element-caption\">SPA<\/figcaption><\/figure>\n<\/div>\n\n\n\n<h2 class=\"has-text-align-center\">Vue ext\u00e9rieure<\/h2>\n\n\n\n<div id=\"cuisine\" class=\"is-layout-flow wp-block-group slider-projet galerie-projet\">\n<figure class=\"wp-block-image size-large\"><img decoding=\"async\" loading=\"lazy\" width=\"682\" height=\"682\" src=\"https:\/\/www.lgldesign.com\/wp-content\/uploads\/2022\/10\/cover-lemieux-1-682x682.webp\" alt=\"\" class=\"wp-image-1210\" srcset=\"https:\/\/www.lgldesign.com\/wp-content\/uploads\/2022\/10\/cover-lemieux-1-682x682.webp 682w, https:\/\/www.lgldesign.com\/wp-content\/uploads\/2022\/10\/cover-lemieux-1-852x852.webp 852w, https:\/\/www.lgldesign.com\/wp-content\/uploads\/2022\/10\/cover-lemieux-1-768x768.webp 768w, https:\/\/www.lgldesign.com\/wp-content\/uploads\/2022\/10\/cover-lemieux-1-1536x1536.webp 1536w, https:\/\/www.lgldesign.com\/wp-content\/uploads\/2022\/10\/cover-lemieux-1.webp 2000w\" sizes=\"(max-width: 682px) 100vw, 682px\" \/><figcaption class=\"wp-element-caption\">Arri\u00e8re-cour sur les montagnes<\/figcaption><\/figure>\n\n\n\n<figure class=\"wp-block-image size-large\"><img decoding=\"async\" loading=\"lazy\" width=\"682\" height=\"682\" src=\"https:\/\/www.lgldesign.com\/wp-content\/uploads\/2022\/10\/Image-2-600ppp-682x682.webp\" alt=\"\" class=\"wp-image-1199\" srcset=\"https:\/\/www.lgldesign.com\/wp-content\/uploads\/2022\/10\/Image-2-600ppp-682x682.webp 682w, https:\/\/www.lgldesign.com\/wp-content\/uploads\/2022\/10\/Image-2-600ppp-852x852.webp 852w, https:\/\/www.lgldesign.com\/wp-content\/uploads\/2022\/10\/Image-2-600ppp-768x768.webp 768w, https:\/\/www.lgldesign.com\/wp-content\/uploads\/2022\/10\/Image-2-600ppp-1536x1536.webp 1536w, https:\/\/www.lgldesign.com\/wp-content\/uploads\/2022\/10\/Image-2-600ppp.webp 2000w\" sizes=\"(max-width: 682px) 100vw, 682px\" \/><figcaption class=\"wp-element-caption\">Fa\u00e7ade de la maison principale<\/figcaption><\/figure>\n\n\n\n<figure class=\"wp-block-image size-large\"><img decoding=\"async\" loading=\"lazy\" width=\"682\" height=\"682\" src=\"https:\/\/www.lgldesign.com\/wp-content\/uploads\/2022\/10\/Image-3-682x682.webp\" alt=\"\" class=\"wp-image-1192\" srcset=\"https:\/\/www.lgldesign.com\/wp-content\/uploads\/2022\/10\/Image-3-682x682.webp 682w, https:\/\/www.lgldesign.com\/wp-content\/uploads\/2022\/10\/Image-3-852x852.webp 852w, https:\/\/www.lgldesign.com\/wp-content\/uploads\/2022\/10\/Image-3-768x768.webp 768w, https:\/\/www.lgldesign.com\/wp-content\/uploads\/2022\/10\/Image-3-1536x1536.webp 1536w, https:\/\/www.lgldesign.com\/wp-content\/uploads\/2022\/10\/Image-3.webp 2000w\" sizes=\"(max-width: 682px) 100vw, 682px\" \/><figcaption class=\"wp-element-caption\">Maison d&rsquo;h\u00f4tes<\/figcaption><\/figure>\n<\/div>\n","protected":false},"excerpt":{"rendered":"<p>Une r\u00e9sidence unique en son genre \u00e0 Tremblant Cette remarquable maison de c\u00e9l\u00e9brit\u00e9 \u00e0 Tremblant nous a permis de concevoir des profils de moulage uniques sur mesure pour plus de 30 projets. Lorsque vous allez jusqu&rsquo;\u00e0 produire des grilles de&#8230; <a href=\"https:\/\/www.lgldesign.com\/fr\/portfolio\/projet-tremblant-une-residence-unique-en-son-genre\/\">Lire la suite<\/a> <a class=\"understrap-read-more-link btn btn-bleu py-5px px-15px ml-10px mt-0 d-none\" href=\"https:\/\/www.lgldesign.com\/fr\/portfolio\/projet-tremblant-une-residence-unique-en-son-genre\/\">Lire la suite<span class=\"screen-reader-text\"> from Projet LE-Tremblant \u2013 Une r\u00e9sidence unique en son genre<\/span><\/a><\/p>\n","protected":false},"author":1,"featured_media":0,"parent":3613,"menu_order":0,"comment_status":"closed","ping_status":"closed","template":"pages-templates\/page_projet.php","meta":[],"yoast_head":"<!-- This site is optimized with the Yoast SEO plugin v20.7 - https:\/\/yoast.com\/wordpress\/plugins\/seo\/ -->\n<title>Projet LE-Tremblant \u2013 Une r\u00e9sidence unique en son genre - \u00c9b\u00e9nisterie LGL<\/title>\n<meta name=\"robots\" content=\"index, follow, max-snippet:-1, max-image-preview:large, max-video-preview:-1\" \/>\n<link rel=\"canonical\" href=\"https:\/\/www.lgldesign.com\/fr\/portfolio\/projet-tremblant-une-residence-unique-en-son-genre\/\" \/>\n<meta property=\"og:locale\" content=\"fr_FR\" \/>\n<meta property=\"og:type\" content=\"article\" \/>\n<meta property=\"og:title\" content=\"Projet LE-Tremblant \u2013 Une r\u00e9sidence unique en son genre - \u00c9b\u00e9nisterie LGL\" \/>\n<meta property=\"og:description\" content=\"Une r\u00e9sidence unique en son genre \u00e0 Tremblant Cette remarquable maison de c\u00e9l\u00e9brit\u00e9 \u00e0 Tremblant nous a permis de concevoir des profils de moulage uniques sur mesure pour plus de 30 projets. Lorsque vous allez jusqu&rsquo;\u00e0 produire des grilles de... Lire la suite Lire la suite from Projet LE-Tremblant \u2013 Une r\u00e9sidence unique en son genre\" \/>\n<meta property=\"og:url\" content=\"https:\/\/www.lgldesign.com\/fr\/portfolio\/projet-tremblant-une-residence-unique-en-son-genre\/\" \/>\n<meta property=\"og:site_name\" content=\"LGL Woodworks\" \/>\n<meta property=\"article:modified_time\" content=\"2024-02-07T14:39:48+00:00\" \/>\n<meta property=\"og:image\" content=\"https:\/\/www.lgldesign.com\/wp-content\/uploads\/2022\/10\/photo-theme-tremblant2-scaled.jpg\" \/>\n<meta name=\"twitter:label1\" content=\"Dur\u00e9e de lecture estim\u00e9e\" \/>\n\t<meta name=\"twitter:data1\" content=\"1 minute\" \/>\n<script type=\"application\/ld+json\" class=\"yoast-schema-graph\">{\"@context\":\"https:\/\/schema.org\",\"@graph\":[{\"@type\":\"WebPage\",\"@id\":\"https:\/\/www.lgldesign.com\/fr\/portfolio\/projet-tremblant-une-residence-unique-en-son-genre\/\",\"url\":\"https:\/\/www.lgldesign.com\/fr\/portfolio\/projet-tremblant-une-residence-unique-en-son-genre\/\",\"name\":\"Projet LE-Tremblant \u2013 Une r\u00e9sidence unique en son genre - \u00c9b\u00e9nisterie LGL\",\"isPartOf\":{\"@id\":\"https:\/\/www.lgldesign.com\/fr\/#website\"},\"datePublished\":\"2022-10-12T20:39:55+00:00\",\"dateModified\":\"2024-02-07T14:39:48+00:00\",\"breadcrumb\":{\"@id\":\"https:\/\/www.lgldesign.com\/fr\/portfolio\/projet-tremblant-une-residence-unique-en-son-genre\/#breadcrumb\"},\"inLanguage\":\"fr-FR\",\"potentialAction\":[{\"@type\":\"ReadAction\",\"target\":[\"https:\/\/www.lgldesign.com\/fr\/portfolio\/projet-tremblant-une-residence-unique-en-son-genre\/\"]}]},{\"@type\":\"BreadcrumbList\",\"@id\":\"https:\/\/www.lgldesign.com\/fr\/portfolio\/projet-tremblant-une-residence-unique-en-son-genre\/#breadcrumb\",\"itemListElement\":[{\"@type\":\"ListItem\",\"position\":1,\"name\":\"Home\",\"item\":\"https:\/\/www.lgldesign.com\/fr\/\"},{\"@type\":\"ListItem\",\"position\":2,\"name\":\"Portfolio\",\"item\":\"https:\/\/www.lgldesign.com\/fr\/portfolio\/\"},{\"@type\":\"ListItem\",\"position\":3,\"name\":\"Projet LE-Tremblant \u2013 Une r\u00e9sidence unique en son genre\"}]},{\"@type\":\"WebSite\",\"@id\":\"https:\/\/www.lgldesign.com\/fr\/#website\",\"url\":\"https:\/\/www.lgldesign.com\/fr\/\",\"name\":\"LGL Woodworks\",\"description\":\"\u00c9b\u00e9nisterie\",\"publisher\":{\"@id\":\"https:\/\/www.lgldesign.com\/fr\/#organization\"},\"potentialAction\":[{\"@type\":\"SearchAction\",\"target\":{\"@type\":\"EntryPoint\",\"urlTemplate\":\"https:\/\/www.lgldesign.com\/fr\/?s={search_term_string}\"},\"query-input\":\"required name=search_term_string\"}],\"inLanguage\":\"fr-FR\"},{\"@type\":\"Organization\",\"@id\":\"https:\/\/www.lgldesign.com\/fr\/#organization\",\"name\":\"LGL Woodworks\",\"url\":\"https:\/\/www.lgldesign.com\/fr\/\",\"logo\":{\"@type\":\"ImageObject\",\"inLanguage\":\"fr-FR\",\"@id\":\"https:\/\/www.lgldesign.com\/fr\/#\/schema\/logo\/image\/\",\"url\":\"https:\/\/www.lgldesign.com\/wp-content\/uploads\/2023\/05\/logo-en.png\",\"contentUrl\":\"https:\/\/www.lgldesign.com\/wp-content\/uploads\/2023\/05\/logo-en.png\",\"width\":800,\"height\":397,\"caption\":\"LGL Woodworks\"},\"image\":{\"@id\":\"https:\/\/www.lgldesign.com\/fr\/#\/schema\/logo\/image\/\"}}]}<\/script>\n<!-- \/ Yoast SEO plugin. -->","yoast_head_json":{"title":"Projet LE-Tremblant \u2013 Une r\u00e9sidence unique en son genre - \u00c9b\u00e9nisterie LGL","robots":{"index":"index","follow":"follow","max-snippet":"max-snippet:-1","max-image-preview":"max-image-preview:large","max-video-preview":"max-video-preview:-1"},"canonical":"https:\/\/www.lgldesign.com\/fr\/portfolio\/projet-tremblant-une-residence-unique-en-son-genre\/","og_locale":"fr_FR","og_type":"article","og_title":"Projet LE-Tremblant \u2013 Une r\u00e9sidence unique en son genre - \u00c9b\u00e9nisterie LGL","og_description":"Une r\u00e9sidence unique en son genre \u00e0 Tremblant Cette remarquable maison de c\u00e9l\u00e9brit\u00e9 \u00e0 Tremblant nous a permis de concevoir des profils de moulage uniques sur mesure pour plus de 30 projets. Lorsque vous allez jusqu&rsquo;\u00e0 produire des grilles de... Lire la suite Lire la suite from Projet LE-Tremblant \u2013 Une r\u00e9sidence unique en son genre","og_url":"https:\/\/www.lgldesign.com\/fr\/portfolio\/projet-tremblant-une-residence-unique-en-son-genre\/","og_site_name":"LGL Woodworks","article_modified_time":"2024-02-07T14:39:48+00:00","og_image":[{"url":"https:\/\/www.lgldesign.com\/wp-content\/uploads\/2022\/10\/photo-theme-tremblant2-scaled.jpg"}],"twitter_misc":{"Dur\u00e9e de lecture estim\u00e9e":"1 minute"},"schema":{"@context":"https:\/\/schema.org","@graph":[{"@type":"WebPage","@id":"https:\/\/www.lgldesign.com\/fr\/portfolio\/projet-tremblant-une-residence-unique-en-son-genre\/","url":"https:\/\/www.lgldesign.com\/fr\/portfolio\/projet-tremblant-une-residence-unique-en-son-genre\/","name":"Projet LE-Tremblant \u2013 Une r\u00e9sidence unique en son genre - \u00c9b\u00e9nisterie LGL","isPartOf":{"@id":"https:\/\/www.lgldesign.com\/fr\/#website"},"datePublished":"2022-10-12T20:39:55+00:00","dateModified":"2024-02-07T14:39:48+00:00","breadcrumb":{"@id":"https:\/\/www.lgldesign.com\/fr\/portfolio\/projet-tremblant-une-residence-unique-en-son-genre\/#breadcrumb"},"inLanguage":"fr-FR","potentialAction":[{"@type":"ReadAction","target":["https:\/\/www.lgldesign.com\/fr\/portfolio\/projet-tremblant-une-residence-unique-en-son-genre\/"]}]},{"@type":"BreadcrumbList","@id":"https:\/\/www.lgldesign.com\/fr\/portfolio\/projet-tremblant-une-residence-unique-en-son-genre\/#breadcrumb","itemListElement":[{"@type":"ListItem","position":1,"name":"Home","item":"https:\/\/www.lgldesign.com\/fr\/"},{"@type":"ListItem","position":2,"name":"Portfolio","item":"https:\/\/www.lgldesign.com\/fr\/portfolio\/"},{"@type":"ListItem","position":3,"name":"Projet LE-Tremblant \u2013 Une r\u00e9sidence unique en son genre"}]},{"@type":"WebSite","@id":"https:\/\/www.lgldesign.com\/fr\/#website","url":"https:\/\/www.lgldesign.com\/fr\/","name":"LGL Woodworks","description":"\u00c9b\u00e9nisterie","publisher":{"@id":"https:\/\/www.lgldesign.com\/fr\/#organization"},"potentialAction":[{"@type":"SearchAction","target":{"@type":"EntryPoint","urlTemplate":"https:\/\/www.lgldesign.com\/fr\/?s={search_term_string}"},"query-input":"required name=search_term_string"}],"inLanguage":"fr-FR"},{"@type":"Organization","@id":"https:\/\/www.lgldesign.com\/fr\/#organization","name":"LGL Woodworks","url":"https:\/\/www.lgldesign.com\/fr\/","logo":{"@type":"ImageObject","inLanguage":"fr-FR","@id":"https:\/\/www.lgldesign.com\/fr\/#\/schema\/logo\/image\/","url":"https:\/\/www.lgldesign.com\/wp-content\/uploads\/2023\/05\/logo-en.png","contentUrl":"https:\/\/www.lgldesign.com\/wp-content\/uploads\/2023\/05\/logo-en.png","width":800,"height":397,"caption":"LGL Woodworks"},"image":{"@id":"https:\/\/www.lgldesign.com\/fr\/#\/schema\/logo\/image\/"}}]}},"_links":{"self":[{"href":"https:\/\/www.lgldesign.com\/fr\/wp-json\/wp\/v2\/pages\/3646"}],"collection":[{"href":"https:\/\/www.lgldesign.com\/fr\/wp-json\/wp\/v2\/pages"}],"about":[{"href":"https:\/\/www.lgldesign.com\/fr\/wp-json\/wp\/v2\/types\/page"}],"author":[{"embeddable":true,"href":"https:\/\/www.lgldesign.com\/fr\/wp-json\/wp\/v2\/users\/1"}],"replies":[{"embeddable":true,"href":"https:\/\/www.lgldesign.com\/fr\/wp-json\/wp\/v2\/comments?post=3646"}],"version-history":[{"count":22,"href":"https:\/\/www.lgldesign.com\/fr\/wp-json\/wp\/v2\/pages\/3646\/revisions"}],"predecessor-version":[{"id":4328,"href":"https:\/\/www.lgldesign.com\/fr\/wp-json\/wp\/v2\/pages\/3646\/revisions\/4328"}],"up":[{"embeddable":true,"href":"https:\/\/www.lgldesign.com\/fr\/wp-json\/wp\/v2\/pages\/3613"}],"wp:attachment":[{"href":"https:\/\/www.lgldesign.com\/fr\/wp-json\/wp\/v2\/media?parent=3646"}],"curies":[{"name":"wp","href":"https:\/\/api.w.org\/{rel}","templated":true}]}}