{"id":4097,"date":"2022-10-14T12:14:45","date_gmt":"2022-10-14T16:14:45","guid":{"rendered":"https:\/\/www.lgldesign.com\/portfolio\/projet-pi-florida-modern-jewel\/"},"modified":"2024-02-07T10:47:58","modified_gmt":"2024-02-07T14:47:58","slug":"projet-pi-florida-modern-jewel","status":"publish","type":"page","link":"https:\/\/www.lgldesign.com\/fr\/portfolio\/projet-pi-florida-modern-jewel\/","title":{"rendered":"Projet PI &#8211; Joyau floridien moderne"},"content":{"rendered":"\n<div class=\"wp-block-cover alignfull is-light entete-photo entete-photo__projet full-width img-haut-100 wp-block-cover--parallax\"><span aria-hidden=\"true\" class=\"wp-block-cover__background has-background-dim-0 has-background-dim\"><\/span><img decoding=\"async\" loading=\"lazy\" width=\"2000\" height=\"1333\" class=\"wp-block-cover__image-background wp-image-1503\" alt=\"\" src=\"https:\/\/www.lgldesign.com\/wp-content\/uploads\/2022\/10\/photo-theme-vide-1.jpg\" data-object-fit=\"cover\" srcset=\"https:\/\/www.lgldesign.com\/wp-content\/uploads\/2022\/10\/photo-theme-vide-1.jpg 2000w, https:\/\/www.lgldesign.com\/wp-content\/uploads\/2022\/10\/photo-theme-vide-1-1278x852.jpg 1278w, https:\/\/www.lgldesign.com\/wp-content\/uploads\/2022\/10\/photo-theme-vide-1-1023x682.jpg 1023w, https:\/\/www.lgldesign.com\/wp-content\/uploads\/2022\/10\/photo-theme-vide-1-640x426.jpg 640w, https:\/\/www.lgldesign.com\/wp-content\/uploads\/2022\/10\/photo-theme-vide-1-768x512.jpg 768w, https:\/\/www.lgldesign.com\/wp-content\/uploads\/2022\/10\/photo-theme-vide-1-1536x1024.jpg 1536w\" sizes=\"(max-width: 2000px) 100vw, 2000px\" \/><div class=\"wp-block-cover__inner-container\">\n<div class=\"is-layout-flow wp-block-group scrollToContent\"><\/div>\n<\/div><\/div>\n\n\n\n<div class=\"is-layout-flex wp-container-6 wp-block-columns row\">\n<div class=\"is-layout-flow wp-block-column col-xl-10 col-lg-11\">\n<div class=\"is-layout-flow wp-block-group intro-portfolio\">\n<h1 class=\"has-text-align-center mb-20px\">Joyau floridien moderne<\/h1>\n\n\n\n<p class=\"has-text-align-center\">Ce joyau unique en son genre de West Palm Beach a repouss\u00e9 l&rsquo;enveloppe en nous faisant concevoir des cadres et insertions sur mesure en nickel plaqu\u00e9, int\u00e9grer des panneaux de verre laqu\u00e9 et polir \u00e0 la main afin d\u2019obtenir un fini 100% brillant. <\/p>\n\n\n\n<div class=\"is-layout-flow wp-block-group signature-lgl-bg-intro\">\n<div class=\"is-layout-flow wp-block-group signature-lgl-beige-bg signature-lgl-parallax\"><\/div>\n<\/div>\n<\/div>\n<\/div>\n<\/div>\n\n\n\n<div id=\"cuisine\" class=\"is-layout-flow wp-block-group galerie-projet galerie-projet-seul mb-20px\">\n<figure class=\"wp-block-image size-large\"><img decoding=\"async\" loading=\"lazy\" width=\"682\" height=\"682\" src=\"https:\/\/www.lgldesign.com\/wp-content\/uploads\/2022\/10\/high-15-682x682.webp\" alt=\"\" class=\"wp-image-1496\" srcset=\"https:\/\/www.lgldesign.com\/wp-content\/uploads\/2022\/10\/high-15-682x682.webp 682w, https:\/\/www.lgldesign.com\/wp-content\/uploads\/2022\/10\/high-15-852x852.webp 852w, https:\/\/www.lgldesign.com\/wp-content\/uploads\/2022\/10\/high-15-768x768.webp 768w, https:\/\/www.lgldesign.com\/wp-content\/uploads\/2022\/10\/high-15-1536x1536.webp 1536w, https:\/\/www.lgldesign.com\/wp-content\/uploads\/2022\/10\/high-15.webp 2000w\" sizes=\"(max-width: 682px) 100vw, 682px\" \/><figcaption class=\"wp-element-caption\">Fini lustr\u00e9 poli \u00e0 la main<\/figcaption><\/figure>\n\n\n\n<figure class=\"wp-block-image size-large\"><img decoding=\"async\" loading=\"lazy\" width=\"682\" height=\"682\" src=\"https:\/\/www.lgldesign.com\/wp-content\/uploads\/2022\/10\/IMG_7739-682x682.webp\" alt=\"\" class=\"wp-image-1498\" srcset=\"https:\/\/www.lgldesign.com\/wp-content\/uploads\/2022\/10\/IMG_7739-682x682.webp 682w, https:\/\/www.lgldesign.com\/wp-content\/uploads\/2022\/10\/IMG_7739-852x852.webp 852w, https:\/\/www.lgldesign.com\/wp-content\/uploads\/2022\/10\/IMG_7739-768x768.webp 768w, https:\/\/www.lgldesign.com\/wp-content\/uploads\/2022\/10\/IMG_7739-1536x1536.webp 1536w, https:\/\/www.lgldesign.com\/wp-content\/uploads\/2022\/10\/IMG_7739.webp 2000w\" sizes=\"(max-width: 682px) 100vw, 682px\" \/><figcaption class=\"wp-element-caption\">Insertion de nickel poli<\/figcaption><\/figure>\n<\/div>\n\n\n\n<div id=\"cuisine\" class=\"is-layout-flow wp-block-group galerie-projet galerie-projet-seul mb-20px\">\n<figure class=\"wp-block-image size-large\"><img decoding=\"async\" loading=\"lazy\" width=\"682\" height=\"682\" src=\"https:\/\/www.lgldesign.com\/wp-content\/uploads\/2022\/10\/IMG_7738-682x682.webp\" alt=\"\" class=\"wp-image-1499\" srcset=\"https:\/\/www.lgldesign.com\/wp-content\/uploads\/2022\/10\/IMG_7738-682x682.webp 682w, https:\/\/www.lgldesign.com\/wp-content\/uploads\/2022\/10\/IMG_7738-852x852.webp 852w, https:\/\/www.lgldesign.com\/wp-content\/uploads\/2022\/10\/IMG_7738-768x768.webp 768w, https:\/\/www.lgldesign.com\/wp-content\/uploads\/2022\/10\/IMG_7738-1536x1536.webp 1536w, https:\/\/www.lgldesign.com\/wp-content\/uploads\/2022\/10\/IMG_7738.webp 2000w\" sizes=\"(max-width: 682px) 100vw, 682px\" \/><figcaption class=\"wp-element-caption\">Panneaux en verre ultra clair laqu\u00e9<\/figcaption><\/figure>\n\n\n\n<figure class=\"wp-block-image size-large\"><img decoding=\"async\" loading=\"lazy\" width=\"682\" height=\"682\" src=\"https:\/\/www.lgldesign.com\/wp-content\/uploads\/2022\/10\/Screen-Shot-2019-02-21-at-8.50.19-AM-682x682.webp\" alt=\"\" class=\"wp-image-1497\" srcset=\"https:\/\/www.lgldesign.com\/wp-content\/uploads\/2022\/10\/Screen-Shot-2019-02-21-at-8.50.19-AM-682x682.webp 682w, https:\/\/www.lgldesign.com\/wp-content\/uploads\/2022\/10\/Screen-Shot-2019-02-21-at-8.50.19-AM-852x852.webp 852w, https:\/\/www.lgldesign.com\/wp-content\/uploads\/2022\/10\/Screen-Shot-2019-02-21-at-8.50.19-AM-768x768.webp 768w, https:\/\/www.lgldesign.com\/wp-content\/uploads\/2022\/10\/Screen-Shot-2019-02-21-at-8.50.19-AM-1536x1536.webp 1536w, https:\/\/www.lgldesign.com\/wp-content\/uploads\/2022\/10\/Screen-Shot-2019-02-21-at-8.50.19-AM.webp 2000w\" sizes=\"(max-width: 682px) 100vw, 682px\" \/><figcaption class=\"wp-element-caption\">Fa\u00e7ades sur mesure en nickel poli<\/figcaption><\/figure>\n<\/div>\n\n\n\n<div id=\"cuisine\" class=\"is-layout-flow wp-block-group galerie-projet galerie-projet-seul mb-20px\">\n<figure class=\"wp-block-image size-large\"><img decoding=\"async\" loading=\"lazy\" width=\"682\" height=\"682\" src=\"https:\/\/www.lgldesign.com\/wp-content\/uploads\/2022\/10\/high-16-2-682x682.webp\" alt=\"\" class=\"wp-image-1500\" srcset=\"https:\/\/www.lgldesign.com\/wp-content\/uploads\/2022\/10\/high-16-2-682x682.webp 682w, https:\/\/www.lgldesign.com\/wp-content\/uploads\/2022\/10\/high-16-2-852x852.webp 852w, https:\/\/www.lgldesign.com\/wp-content\/uploads\/2022\/10\/high-16-2-768x768.webp 768w, https:\/\/www.lgldesign.com\/wp-content\/uploads\/2022\/10\/high-16-2-1536x1536.webp 1536w, https:\/\/www.lgldesign.com\/wp-content\/uploads\/2022\/10\/high-16-2.webp 2000w\" sizes=\"(max-width: 682px) 100vw, 682px\" \/><figcaption class=\"wp-element-caption\">Panneaux de r\u00e9frig\u00e9rateur avec cadrage en nickel poli <\/figcaption><\/figure>\n\n\n\n<figure class=\"wp-block-image size-large\"><img decoding=\"async\" loading=\"lazy\" width=\"682\" height=\"682\" src=\"https:\/\/www.lgldesign.com\/wp-content\/uploads\/2022\/10\/IMG_7740-682x682.webp\" alt=\"\" class=\"wp-image-1501\" srcset=\"https:\/\/www.lgldesign.com\/wp-content\/uploads\/2022\/10\/IMG_7740-682x682.webp 682w, https:\/\/www.lgldesign.com\/wp-content\/uploads\/2022\/10\/IMG_7740-852x852.webp 852w, https:\/\/www.lgldesign.com\/wp-content\/uploads\/2022\/10\/IMG_7740-768x768.webp 768w, https:\/\/www.lgldesign.com\/wp-content\/uploads\/2022\/10\/IMG_7740-1536x1536.webp 1536w, https:\/\/www.lgldesign.com\/wp-content\/uploads\/2022\/10\/IMG_7740.webp 2000w\" sizes=\"(max-width: 682px) 100vw, 682px\" \/><figcaption class=\"wp-element-caption\">Garde-manger<\/figcaption><\/figure>\n<\/div>\n\n\n\n<div id=\"cuisine\" class=\"is-layout-flow wp-block-group galerie-projet galerie-projet-seul mb-20px\"><\/div>\n","protected":false},"excerpt":{"rendered":"<p>Joyau floridien moderne Ce joyau unique en son genre de West Palm Beach a repouss\u00e9 l&rsquo;enveloppe en nous faisant concevoir des cadres et insertions sur mesure en nickel plaqu\u00e9, int\u00e9grer des panneaux de verre laqu\u00e9 et polir \u00e0 la main&#8230; <a href=\"https:\/\/www.lgldesign.com\/fr\/portfolio\/projet-pi-florida-modern-jewel\/\">Lire la suite<\/a> <a class=\"understrap-read-more-link btn btn-bleu py-5px px-15px ml-10px mt-0 d-none\" href=\"https:\/\/www.lgldesign.com\/fr\/portfolio\/projet-pi-florida-modern-jewel\/\">Lire la suite<span class=\"screen-reader-text\"> from Projet PI &#8211; Joyau floridien moderne<\/span><\/a><\/p>\n","protected":false},"author":1,"featured_media":0,"parent":3613,"menu_order":0,"comment_status":"closed","ping_status":"closed","template":"pages-templates\/page_projet.php","meta":[],"yoast_head":"<!-- This site is optimized with the Yoast SEO plugin v20.7 - https:\/\/yoast.com\/wordpress\/plugins\/seo\/ -->\n<title>Projet PI - Joyau floridien moderne - LGL Woodworks<\/title>\n<meta name=\"robots\" content=\"index, follow, max-snippet:-1, max-image-preview:large, max-video-preview:-1\" \/>\n<link rel=\"canonical\" href=\"https:\/\/www.lgldesign.com\/fr\/portfolio\/projet-pi-florida-modern-jewel\/\" \/>\n<meta property=\"og:locale\" content=\"fr_FR\" \/>\n<meta property=\"og:type\" content=\"article\" \/>\n<meta property=\"og:title\" content=\"Projet PI - Joyau floridien moderne - LGL Woodworks\" \/>\n<meta property=\"og:description\" content=\"Joyau floridien moderne Ce joyau unique en son genre de West Palm Beach a repouss\u00e9 l&rsquo;enveloppe en nous faisant concevoir des cadres et insertions sur mesure en nickel plaqu\u00e9, int\u00e9grer des panneaux de verre laqu\u00e9 et polir \u00e0 la main... Lire la suite Lire la suite from Projet PI &#8211; Joyau floridien moderne\" \/>\n<meta property=\"og:url\" content=\"https:\/\/www.lgldesign.com\/fr\/portfolio\/projet-pi-florida-modern-jewel\/\" \/>\n<meta property=\"og:site_name\" content=\"LGL Woodworks\" \/>\n<meta property=\"article:modified_time\" content=\"2024-02-07T14:47:58+00:00\" \/>\n<meta property=\"og:image\" content=\"https:\/\/www.lgldesign.com\/wp-content\/uploads\/2022\/10\/photo-theme-vide-1.jpg\" \/>\n<script type=\"application\/ld+json\" class=\"yoast-schema-graph\">{\"@context\":\"https:\/\/schema.org\",\"@graph\":[{\"@type\":\"WebPage\",\"@id\":\"https:\/\/www.lgldesign.com\/fr\/portfolio\/projet-pi-florida-modern-jewel\/\",\"url\":\"https:\/\/www.lgldesign.com\/fr\/portfolio\/projet-pi-florida-modern-jewel\/\",\"name\":\"Projet PI - Joyau floridien moderne - LGL Woodworks\",\"isPartOf\":{\"@id\":\"https:\/\/www.lgldesign.com\/fr\/#website\"},\"datePublished\":\"2022-10-14T16:14:45+00:00\",\"dateModified\":\"2024-02-07T14:47:58+00:00\",\"breadcrumb\":{\"@id\":\"https:\/\/www.lgldesign.com\/fr\/portfolio\/projet-pi-florida-modern-jewel\/#breadcrumb\"},\"inLanguage\":\"fr-FR\",\"potentialAction\":[{\"@type\":\"ReadAction\",\"target\":[\"https:\/\/www.lgldesign.com\/fr\/portfolio\/projet-pi-florida-modern-jewel\/\"]}]},{\"@type\":\"BreadcrumbList\",\"@id\":\"https:\/\/www.lgldesign.com\/fr\/portfolio\/projet-pi-florida-modern-jewel\/#breadcrumb\",\"itemListElement\":[{\"@type\":\"ListItem\",\"position\":1,\"name\":\"Home\",\"item\":\"https:\/\/www.lgldesign.com\/fr\/\"},{\"@type\":\"ListItem\",\"position\":2,\"name\":\"Portfolio\",\"item\":\"https:\/\/www.lgldesign.com\/fr\/portfolio\/\"},{\"@type\":\"ListItem\",\"position\":3,\"name\":\"Projet PI &#8211; Joyau floridien moderne\"}]},{\"@type\":\"WebSite\",\"@id\":\"https:\/\/www.lgldesign.com\/fr\/#website\",\"url\":\"https:\/\/www.lgldesign.com\/fr\/\",\"name\":\"LGL Woodworks\",\"description\":\"\u00c9b\u00e9nisterie\",\"publisher\":{\"@id\":\"https:\/\/www.lgldesign.com\/fr\/#organization\"},\"potentialAction\":[{\"@type\":\"SearchAction\",\"target\":{\"@type\":\"EntryPoint\",\"urlTemplate\":\"https:\/\/www.lgldesign.com\/fr\/?s={search_term_string}\"},\"query-input\":\"required name=search_term_string\"}],\"inLanguage\":\"fr-FR\"},{\"@type\":\"Organization\",\"@id\":\"https:\/\/www.lgldesign.com\/fr\/#organization\",\"name\":\"LGL Woodworks\",\"url\":\"https:\/\/www.lgldesign.com\/fr\/\",\"logo\":{\"@type\":\"ImageObject\",\"inLanguage\":\"fr-FR\",\"@id\":\"https:\/\/www.lgldesign.com\/fr\/#\/schema\/logo\/image\/\",\"url\":\"https:\/\/www.lgldesign.com\/wp-content\/uploads\/2023\/05\/logo-en.png\",\"contentUrl\":\"https:\/\/www.lgldesign.com\/wp-content\/uploads\/2023\/05\/logo-en.png\",\"width\":800,\"height\":397,\"caption\":\"LGL Woodworks\"},\"image\":{\"@id\":\"https:\/\/www.lgldesign.com\/fr\/#\/schema\/logo\/image\/\"}}]}<\/script>\n<!-- \/ Yoast SEO plugin. -->","yoast_head_json":{"title":"Projet PI - Joyau floridien moderne - LGL Woodworks","robots":{"index":"index","follow":"follow","max-snippet":"max-snippet:-1","max-image-preview":"max-image-preview:large","max-video-preview":"max-video-preview:-1"},"canonical":"https:\/\/www.lgldesign.com\/fr\/portfolio\/projet-pi-florida-modern-jewel\/","og_locale":"fr_FR","og_type":"article","og_title":"Projet PI - Joyau floridien moderne - LGL Woodworks","og_description":"Joyau floridien moderne Ce joyau unique en son genre de West Palm Beach a repouss\u00e9 l&rsquo;enveloppe en nous faisant concevoir des cadres et insertions sur mesure en nickel plaqu\u00e9, int\u00e9grer des panneaux de verre laqu\u00e9 et polir \u00e0 la main... Lire la suite Lire la suite from Projet PI &#8211; Joyau floridien moderne","og_url":"https:\/\/www.lgldesign.com\/fr\/portfolio\/projet-pi-florida-modern-jewel\/","og_site_name":"LGL Woodworks","article_modified_time":"2024-02-07T14:47:58+00:00","og_image":[{"url":"https:\/\/www.lgldesign.com\/wp-content\/uploads\/2022\/10\/photo-theme-vide-1.jpg"}],"schema":{"@context":"https:\/\/schema.org","@graph":[{"@type":"WebPage","@id":"https:\/\/www.lgldesign.com\/fr\/portfolio\/projet-pi-florida-modern-jewel\/","url":"https:\/\/www.lgldesign.com\/fr\/portfolio\/projet-pi-florida-modern-jewel\/","name":"Projet PI - Joyau floridien moderne - LGL Woodworks","isPartOf":{"@id":"https:\/\/www.lgldesign.com\/fr\/#website"},"datePublished":"2022-10-14T16:14:45+00:00","dateModified":"2024-02-07T14:47:58+00:00","breadcrumb":{"@id":"https:\/\/www.lgldesign.com\/fr\/portfolio\/projet-pi-florida-modern-jewel\/#breadcrumb"},"inLanguage":"fr-FR","potentialAction":[{"@type":"ReadAction","target":["https:\/\/www.lgldesign.com\/fr\/portfolio\/projet-pi-florida-modern-jewel\/"]}]},{"@type":"BreadcrumbList","@id":"https:\/\/www.lgldesign.com\/fr\/portfolio\/projet-pi-florida-modern-jewel\/#breadcrumb","itemListElement":[{"@type":"ListItem","position":1,"name":"Home","item":"https:\/\/www.lgldesign.com\/fr\/"},{"@type":"ListItem","position":2,"name":"Portfolio","item":"https:\/\/www.lgldesign.com\/fr\/portfolio\/"},{"@type":"ListItem","position":3,"name":"Projet PI &#8211; Joyau floridien moderne"}]},{"@type":"WebSite","@id":"https:\/\/www.lgldesign.com\/fr\/#website","url":"https:\/\/www.lgldesign.com\/fr\/","name":"LGL Woodworks","description":"\u00c9b\u00e9nisterie","publisher":{"@id":"https:\/\/www.lgldesign.com\/fr\/#organization"},"potentialAction":[{"@type":"SearchAction","target":{"@type":"EntryPoint","urlTemplate":"https:\/\/www.lgldesign.com\/fr\/?s={search_term_string}"},"query-input":"required name=search_term_string"}],"inLanguage":"fr-FR"},{"@type":"Organization","@id":"https:\/\/www.lgldesign.com\/fr\/#organization","name":"LGL Woodworks","url":"https:\/\/www.lgldesign.com\/fr\/","logo":{"@type":"ImageObject","inLanguage":"fr-FR","@id":"https:\/\/www.lgldesign.com\/fr\/#\/schema\/logo\/image\/","url":"https:\/\/www.lgldesign.com\/wp-content\/uploads\/2023\/05\/logo-en.png","contentUrl":"https:\/\/www.lgldesign.com\/wp-content\/uploads\/2023\/05\/logo-en.png","width":800,"height":397,"caption":"LGL Woodworks"},"image":{"@id":"https:\/\/www.lgldesign.com\/fr\/#\/schema\/logo\/image\/"}}]}},"_links":{"self":[{"href":"https:\/\/www.lgldesign.com\/fr\/wp-json\/wp\/v2\/pages\/4097"}],"collection":[{"href":"https:\/\/www.lgldesign.com\/fr\/wp-json\/wp\/v2\/pages"}],"about":[{"href":"https:\/\/www.lgldesign.com\/fr\/wp-json\/wp\/v2\/types\/page"}],"author":[{"embeddable":true,"href":"https:\/\/www.lgldesign.com\/fr\/wp-json\/wp\/v2\/users\/1"}],"replies":[{"embeddable":true,"href":"https:\/\/www.lgldesign.com\/fr\/wp-json\/wp\/v2\/comments?post=4097"}],"version-history":[{"count":4,"href":"https:\/\/www.lgldesign.com\/fr\/wp-json\/wp\/v2\/pages\/4097\/revisions"}],"predecessor-version":[{"id":4333,"href":"https:\/\/www.lgldesign.com\/fr\/wp-json\/wp\/v2\/pages\/4097\/revisions\/4333"}],"up":[{"embeddable":true,"href":"https:\/\/www.lgldesign.com\/fr\/wp-json\/wp\/v2\/pages\/3613"}],"wp:attachment":[{"href":"https:\/\/www.lgldesign.com\/fr\/wp-json\/wp\/v2\/media?parent=4097"}],"curies":[{"name":"wp","href":"https:\/\/api.w.org\/{rel}","templated":true}]}}