{"id":4124,"date":"2022-10-14T13:28:06","date_gmt":"2022-10-14T17:28:06","guid":{"rendered":"https:\/\/www.lgldesign.com\/portfolio\/projet-wa-ornementation-intemporelle\/"},"modified":"2024-02-07T10:53:46","modified_gmt":"2024-02-07T14:53:46","slug":"projet-wa-ornementation-intemporelle","status":"publish","type":"page","link":"https:\/\/www.lgldesign.com\/fr\/portfolio\/projet-wa-ornementation-intemporelle\/","title":{"rendered":"Projet WA &#8211; Ornementation intemporelle"},"content":{"rendered":"\n<div class=\"wp-block-cover alignfull is-light entete-photo entete-photo__projet full-width img-haut-100 wp-block-cover--parallax\"><span aria-hidden=\"true\" class=\"wp-block-cover__background has-background-dim-0 has-background-dim\"><\/span><img decoding=\"async\" loading=\"lazy\" width=\"2000\" height=\"1333\" class=\"wp-block-cover__image-background wp-image-1554\" alt=\"\" src=\"https:\/\/www.lgldesign.com\/wp-content\/uploads\/2022\/10\/photo-theme-wa.jpg\" data-object-fit=\"cover\" srcset=\"https:\/\/www.lgldesign.com\/wp-content\/uploads\/2022\/10\/photo-theme-wa.jpg 2000w, https:\/\/www.lgldesign.com\/wp-content\/uploads\/2022\/10\/photo-theme-wa-1278x852.jpg 1278w, https:\/\/www.lgldesign.com\/wp-content\/uploads\/2022\/10\/photo-theme-wa-1023x682.jpg 1023w, https:\/\/www.lgldesign.com\/wp-content\/uploads\/2022\/10\/photo-theme-wa-640x426.jpg 640w, https:\/\/www.lgldesign.com\/wp-content\/uploads\/2022\/10\/photo-theme-wa-768x512.jpg 768w, https:\/\/www.lgldesign.com\/wp-content\/uploads\/2022\/10\/photo-theme-wa-1536x1024.jpg 1536w\" sizes=\"(max-width: 2000px) 100vw, 2000px\" \/><div class=\"wp-block-cover__inner-container\">\n<div class=\"is-layout-flow wp-block-group scrollToContent\"><\/div>\n<\/div><\/div>\n\n\n\n<div class=\"is-layout-flex wp-container-6 wp-block-columns row\">\n<div class=\"is-layout-flow wp-block-column col-xl-10 col-lg-11\">\n<div class=\"is-layout-flow wp-block-group intro-portfolio\">\n<h1 class=\"has-text-align-center mb-20px\">Ornementation intemporelle<\/h1>\n\n\n\n<p class=\"has-text-align-center\">Sur ce projet ornement\u00e9, nous avons pu d\u00e9lier nos jambes en termes de sculpture sur mesure et d&rsquo;utilisation de moulures en r\u00e9sine. Des portes en verre fabriqu\u00e9es \u00e0 la main aux plinthes et couronnes inspir\u00e9es, tout \u00e9tait dans le d\u00e9tail.<\/p>\n\n\n\n<div class=\"is-layout-flow wp-block-group signature-lgl-bg-intro\">\n<div class=\"is-layout-flow wp-block-group signature-lgl-beige-bg signature-lgl-parallax\"><\/div>\n<\/div>\n<\/div>\n<\/div>\n<\/div>\n\n\n\n<h2 class=\"has-text-align-center\">CUISINE<\/h2>\n\n\n\n<figure class=\"is-layout-flex wp-block-gallery-7 wp-block-gallery has-nested-images columns-1 is-cropped galerie-projet slider-projet\" id=\"Kitchen\">\n<figure class=\"wp-block-image size-large\"><img decoding=\"async\" loading=\"lazy\" width=\"682\" height=\"682\" data-id=\"1539\"  src=\"https:\/\/www.lgldesign.com\/wp-content\/uploads\/2022\/10\/IMG_4260-682x682.webp\" alt=\"\" class=\"wp-image-1539\" srcset=\"https:\/\/www.lgldesign.com\/wp-content\/uploads\/2022\/10\/IMG_4260-682x682.webp 682w, https:\/\/www.lgldesign.com\/wp-content\/uploads\/2022\/10\/IMG_4260-852x852.webp 852w, https:\/\/www.lgldesign.com\/wp-content\/uploads\/2022\/10\/IMG_4260-768x768.webp 768w, https:\/\/www.lgldesign.com\/wp-content\/uploads\/2022\/10\/IMG_4260-1536x1536.webp 1536w, https:\/\/www.lgldesign.com\/wp-content\/uploads\/2022\/10\/IMG_4260.webp 2000w\" sizes=\"(max-width: 682px) 100vw, 682px\" \/><figcaption class=\"wp-element-caption\">Hotte avec panneau arch\u00e9<\/figcaption><\/figure>\n\n\n\n<figure class=\"wp-block-image size-large\"><img decoding=\"async\" loading=\"lazy\" width=\"682\" height=\"682\" data-id=\"1541\"  src=\"https:\/\/www.lgldesign.com\/wp-content\/uploads\/2022\/10\/IMG_4271-682x682.webp\" alt=\"\" class=\"wp-image-1541\" srcset=\"https:\/\/www.lgldesign.com\/wp-content\/uploads\/2022\/10\/IMG_4271-682x682.webp 682w, https:\/\/www.lgldesign.com\/wp-content\/uploads\/2022\/10\/IMG_4271-852x852.webp 852w, https:\/\/www.lgldesign.com\/wp-content\/uploads\/2022\/10\/IMG_4271-768x768.webp 768w, https:\/\/www.lgldesign.com\/wp-content\/uploads\/2022\/10\/IMG_4271-1536x1536.webp 1536w, https:\/\/www.lgldesign.com\/wp-content\/uploads\/2022\/10\/IMG_4271.webp 2000w\" sizes=\"(max-width: 682px) 100vw, 682px\" \/><figcaption class=\"wp-element-caption\">Il\u00f4t avec applique sculpt\u00e9e<\/figcaption><\/figure>\n\n\n\n<figure class=\"wp-block-image size-large\"><img decoding=\"async\" loading=\"lazy\" width=\"682\" height=\"682\" data-id=\"1538\"  src=\"https:\/\/www.lgldesign.com\/wp-content\/uploads\/2022\/10\/IMG_4304-682x682.webp\" alt=\"\" class=\"wp-image-1538\" srcset=\"https:\/\/www.lgldesign.com\/wp-content\/uploads\/2022\/10\/IMG_4304-682x682.webp 682w, https:\/\/www.lgldesign.com\/wp-content\/uploads\/2022\/10\/IMG_4304-852x852.webp 852w, https:\/\/www.lgldesign.com\/wp-content\/uploads\/2022\/10\/IMG_4304-768x768.webp 768w, https:\/\/www.lgldesign.com\/wp-content\/uploads\/2022\/10\/IMG_4304-1536x1536.webp 1536w, https:\/\/www.lgldesign.com\/wp-content\/uploads\/2022\/10\/IMG_4304.webp 2000w\" sizes=\"(max-width: 682px) 100vw, 682px\" \/><figcaption class=\"wp-element-caption\">Corbeaux<\/figcaption><\/figure>\n\n\n\n<figure class=\"wp-block-image size-large\"><img decoding=\"async\" loading=\"lazy\" width=\"682\" height=\"682\" data-id=\"1540\"  src=\"https:\/\/www.lgldesign.com\/wp-content\/uploads\/2022\/10\/IMG_4264-682x682.webp\" alt=\"\" class=\"wp-image-1540\" srcset=\"https:\/\/www.lgldesign.com\/wp-content\/uploads\/2022\/10\/IMG_4264-682x682.webp 682w, https:\/\/www.lgldesign.com\/wp-content\/uploads\/2022\/10\/IMG_4264-852x852.webp 852w, https:\/\/www.lgldesign.com\/wp-content\/uploads\/2022\/10\/IMG_4264-768x768.webp 768w, https:\/\/www.lgldesign.com\/wp-content\/uploads\/2022\/10\/IMG_4264-1536x1536.webp 1536w, https:\/\/www.lgldesign.com\/wp-content\/uploads\/2022\/10\/IMG_4264.webp 2000w\" sizes=\"(max-width: 682px) 100vw, 682px\" \/><figcaption class=\"wp-element-caption\">Vue g\u00e9n\u00e9rale<\/figcaption><\/figure>\n\n\n\n<figure class=\"wp-block-image size-large\"><img decoding=\"async\" loading=\"lazy\" width=\"682\" height=\"682\" data-id=\"1542\"  src=\"https:\/\/www.lgldesign.com\/wp-content\/uploads\/2022\/10\/IMG_4290-682x682.webp\" alt=\"\" class=\"wp-image-1542\" srcset=\"https:\/\/www.lgldesign.com\/wp-content\/uploads\/2022\/10\/IMG_4290-682x682.webp 682w, https:\/\/www.lgldesign.com\/wp-content\/uploads\/2022\/10\/IMG_4290-852x852.webp 852w, https:\/\/www.lgldesign.com\/wp-content\/uploads\/2022\/10\/IMG_4290-768x768.webp 768w, https:\/\/www.lgldesign.com\/wp-content\/uploads\/2022\/10\/IMG_4290-1536x1536.webp 1536w, https:\/\/www.lgldesign.com\/wp-content\/uploads\/2022\/10\/IMG_4290.webp 2000w\" sizes=\"(max-width: 682px) 100vw, 682px\" \/><figcaption class=\"wp-element-caption\">D\u00e9tails de portes sculpt\u00e9es<\/figcaption><\/figure>\n<\/figure>\n\n\n\n<h2 class=\"has-text-align-center\">SALLE DE BAIN &amp; SALLE D&rsquo;EAU<\/h2>\n\n\n\n<figure class=\"is-layout-flex wp-block-gallery-9 wp-block-gallery has-nested-images columns-1 is-cropped galerie-projet slider-projet\" id=\"room\">\n<figure class=\"wp-block-image size-large\"><img decoding=\"async\" loading=\"lazy\" width=\"682\" height=\"682\" data-id=\"1560\"  src=\"https:\/\/www.lgldesign.com\/wp-content\/uploads\/2022\/10\/IMG_4293-682x682.webp\" alt=\"\" class=\"wp-image-1560\" srcset=\"https:\/\/www.lgldesign.com\/wp-content\/uploads\/2022\/10\/IMG_4293-682x682.webp 682w, https:\/\/www.lgldesign.com\/wp-content\/uploads\/2022\/10\/IMG_4293-852x852.webp 852w, https:\/\/www.lgldesign.com\/wp-content\/uploads\/2022\/10\/IMG_4293-768x768.webp 768w, https:\/\/www.lgldesign.com\/wp-content\/uploads\/2022\/10\/IMG_4293-1536x1536.webp 1536w, https:\/\/www.lgldesign.com\/wp-content\/uploads\/2022\/10\/IMG_4293.webp 2000w\" sizes=\"(max-width: 682px) 100vw, 682px\" \/><figcaption class=\"wp-element-caption\">Salle de bain des ma\u00eetres<\/figcaption><\/figure>\n\n\n\n<figure class=\"wp-block-image size-large\"><img decoding=\"async\" loading=\"lazy\" width=\"682\" height=\"682\" data-id=\"1561\"  src=\"https:\/\/www.lgldesign.com\/wp-content\/uploads\/2022\/10\/IMG_4305-682x682.webp\" alt=\"\" class=\"wp-image-1561\" srcset=\"https:\/\/www.lgldesign.com\/wp-content\/uploads\/2022\/10\/IMG_4305-682x682.webp 682w, https:\/\/www.lgldesign.com\/wp-content\/uploads\/2022\/10\/IMG_4305-852x852.webp 852w, https:\/\/www.lgldesign.com\/wp-content\/uploads\/2022\/10\/IMG_4305-768x768.webp 768w, https:\/\/www.lgldesign.com\/wp-content\/uploads\/2022\/10\/IMG_4305-1536x1536.webp 1536w, https:\/\/www.lgldesign.com\/wp-content\/uploads\/2022\/10\/IMG_4305.webp 2000w\" sizes=\"(max-width: 682px) 100vw, 682px\" \/><figcaption class=\"wp-element-caption\">Pr\u00e9sentoir int\u00e9gr\u00e9 dans les portes<\/figcaption><\/figure>\n\n\n\n<figure class=\"wp-block-image size-large\"><img decoding=\"async\" loading=\"lazy\" width=\"682\" height=\"682\" data-id=\"1562\"  src=\"https:\/\/www.lgldesign.com\/wp-content\/uploads\/2022\/10\/IMG_4295-682x682.webp\" alt=\"\" class=\"wp-image-1562\" srcset=\"https:\/\/www.lgldesign.com\/wp-content\/uploads\/2022\/10\/IMG_4295-682x682.webp 682w, https:\/\/www.lgldesign.com\/wp-content\/uploads\/2022\/10\/IMG_4295-852x852.webp 852w, https:\/\/www.lgldesign.com\/wp-content\/uploads\/2022\/10\/IMG_4295-768x768.webp 768w, https:\/\/www.lgldesign.com\/wp-content\/uploads\/2022\/10\/IMG_4295-1536x1536.webp 1536w, https:\/\/www.lgldesign.com\/wp-content\/uploads\/2022\/10\/IMG_4295.webp 2000w\" sizes=\"(max-width: 682px) 100vw, 682px\" \/><figcaption class=\"wp-element-caption\">Maquilleuse<\/figcaption><\/figure>\n<\/figure>\n\n\n\n<h2 class=\"has-text-align-center\">SALON<\/h2>\n\n\n\n<figure class=\"is-layout-flex wp-block-gallery-11 wp-block-gallery has-nested-images columns-1 is-cropped galerie-projet slider-projet\" id=\"room\">\n<figure class=\"wp-block-image size-large\"><img decoding=\"async\" loading=\"lazy\" width=\"682\" height=\"682\" data-id=\"1566\"  src=\"https:\/\/www.lgldesign.com\/wp-content\/uploads\/2022\/10\/IMG_4277-682x682.webp\" alt=\"\" class=\"wp-image-1566\" srcset=\"https:\/\/www.lgldesign.com\/wp-content\/uploads\/2022\/10\/IMG_4277-682x682.webp 682w, https:\/\/www.lgldesign.com\/wp-content\/uploads\/2022\/10\/IMG_4277-852x852.webp 852w, https:\/\/www.lgldesign.com\/wp-content\/uploads\/2022\/10\/IMG_4277-768x768.webp 768w, https:\/\/www.lgldesign.com\/wp-content\/uploads\/2022\/10\/IMG_4277-1536x1536.webp 1536w, https:\/\/www.lgldesign.com\/wp-content\/uploads\/2022\/10\/IMG_4277.webp 2000w\" sizes=\"(max-width: 682px) 100vw, 682px\" \/><figcaption class=\"wp-element-caption\">Cabinet de niche<\/figcaption><\/figure>\n<\/figure>\n","protected":false},"excerpt":{"rendered":"<p>Ornementation intemporelle Sur ce projet ornement\u00e9, nous avons pu d\u00e9lier nos jambes en termes de sculpture sur mesure et d&rsquo;utilisation de moulures en r\u00e9sine. Des portes en verre fabriqu\u00e9es \u00e0 la main aux plinthes et couronnes inspir\u00e9es, tout \u00e9tait dans&#8230; <a href=\"https:\/\/www.lgldesign.com\/fr\/portfolio\/projet-wa-ornementation-intemporelle\/\">Lire la suite<\/a> <a class=\"understrap-read-more-link btn btn-bleu py-5px px-15px ml-10px mt-0 d-none\" href=\"https:\/\/www.lgldesign.com\/fr\/portfolio\/projet-wa-ornementation-intemporelle\/\">Lire la suite<span class=\"screen-reader-text\"> from Projet WA &#8211; Ornementation intemporelle<\/span><\/a><\/p>\n","protected":false},"author":1,"featured_media":0,"parent":3613,"menu_order":0,"comment_status":"closed","ping_status":"closed","template":"pages-templates\/page_projet.php","meta":[],"yoast_head":"<!-- This site is optimized with the Yoast SEO plugin v20.7 - https:\/\/yoast.com\/wordpress\/plugins\/seo\/ -->\n<title>Projet WA - Ornementation intemporelle - LGL Woodworks<\/title>\n<meta name=\"robots\" content=\"index, follow, max-snippet:-1, max-image-preview:large, max-video-preview:-1\" \/>\n<link rel=\"canonical\" href=\"https:\/\/www.lgldesign.com\/fr\/portfolio\/projet-wa-ornementation-intemporelle\/\" \/>\n<meta property=\"og:locale\" content=\"fr_FR\" \/>\n<meta property=\"og:type\" content=\"article\" \/>\n<meta property=\"og:title\" content=\"Projet WA - Ornementation intemporelle - LGL Woodworks\" \/>\n<meta property=\"og:description\" content=\"Ornementation intemporelle Sur ce projet ornement\u00e9, nous avons pu d\u00e9lier nos jambes en termes de sculpture sur mesure et d&rsquo;utilisation de moulures en r\u00e9sine. Des portes en verre fabriqu\u00e9es \u00e0 la main aux plinthes et couronnes inspir\u00e9es, tout \u00e9tait dans... Lire la suite Lire la suite from Projet WA &#8211; Ornementation intemporelle\" \/>\n<meta property=\"og:url\" content=\"https:\/\/www.lgldesign.com\/fr\/portfolio\/projet-wa-ornementation-intemporelle\/\" \/>\n<meta property=\"og:site_name\" content=\"LGL Woodworks\" \/>\n<meta property=\"article:modified_time\" content=\"2024-02-07T14:53:46+00:00\" \/>\n<meta property=\"og:image\" content=\"https:\/\/www.lgldesign.com\/wp-content\/uploads\/2022\/10\/photo-theme-wa.jpg\" \/>\n<script type=\"application\/ld+json\" class=\"yoast-schema-graph\">{\"@context\":\"https:\/\/schema.org\",\"@graph\":[{\"@type\":\"WebPage\",\"@id\":\"https:\/\/www.lgldesign.com\/fr\/portfolio\/projet-wa-ornementation-intemporelle\/\",\"url\":\"https:\/\/www.lgldesign.com\/fr\/portfolio\/projet-wa-ornementation-intemporelle\/\",\"name\":\"Projet WA - Ornementation intemporelle - LGL Woodworks\",\"isPartOf\":{\"@id\":\"https:\/\/www.lgldesign.com\/fr\/#website\"},\"datePublished\":\"2022-10-14T17:28:06+00:00\",\"dateModified\":\"2024-02-07T14:53:46+00:00\",\"breadcrumb\":{\"@id\":\"https:\/\/www.lgldesign.com\/fr\/portfolio\/projet-wa-ornementation-intemporelle\/#breadcrumb\"},\"inLanguage\":\"fr-FR\",\"potentialAction\":[{\"@type\":\"ReadAction\",\"target\":[\"https:\/\/www.lgldesign.com\/fr\/portfolio\/projet-wa-ornementation-intemporelle\/\"]}]},{\"@type\":\"BreadcrumbList\",\"@id\":\"https:\/\/www.lgldesign.com\/fr\/portfolio\/projet-wa-ornementation-intemporelle\/#breadcrumb\",\"itemListElement\":[{\"@type\":\"ListItem\",\"position\":1,\"name\":\"Home\",\"item\":\"https:\/\/www.lgldesign.com\/fr\/\"},{\"@type\":\"ListItem\",\"position\":2,\"name\":\"Portfolio\",\"item\":\"https:\/\/www.lgldesign.com\/fr\/portfolio\/\"},{\"@type\":\"ListItem\",\"position\":3,\"name\":\"Projet WA &#8211; Ornementation intemporelle\"}]},{\"@type\":\"WebSite\",\"@id\":\"https:\/\/www.lgldesign.com\/fr\/#website\",\"url\":\"https:\/\/www.lgldesign.com\/fr\/\",\"name\":\"LGL Woodworks\",\"description\":\"\u00c9b\u00e9nisterie\",\"publisher\":{\"@id\":\"https:\/\/www.lgldesign.com\/fr\/#organization\"},\"potentialAction\":[{\"@type\":\"SearchAction\",\"target\":{\"@type\":\"EntryPoint\",\"urlTemplate\":\"https:\/\/www.lgldesign.com\/fr\/?s={search_term_string}\"},\"query-input\":\"required name=search_term_string\"}],\"inLanguage\":\"fr-FR\"},{\"@type\":\"Organization\",\"@id\":\"https:\/\/www.lgldesign.com\/fr\/#organization\",\"name\":\"LGL Woodworks\",\"url\":\"https:\/\/www.lgldesign.com\/fr\/\",\"logo\":{\"@type\":\"ImageObject\",\"inLanguage\":\"fr-FR\",\"@id\":\"https:\/\/www.lgldesign.com\/fr\/#\/schema\/logo\/image\/\",\"url\":\"https:\/\/www.lgldesign.com\/wp-content\/uploads\/2023\/05\/logo-en.png\",\"contentUrl\":\"https:\/\/www.lgldesign.com\/wp-content\/uploads\/2023\/05\/logo-en.png\",\"width\":800,\"height\":397,\"caption\":\"LGL Woodworks\"},\"image\":{\"@id\":\"https:\/\/www.lgldesign.com\/fr\/#\/schema\/logo\/image\/\"}}]}<\/script>\n<!-- \/ Yoast SEO plugin. -->","yoast_head_json":{"title":"Projet WA - Ornementation intemporelle - LGL Woodworks","robots":{"index":"index","follow":"follow","max-snippet":"max-snippet:-1","max-image-preview":"max-image-preview:large","max-video-preview":"max-video-preview:-1"},"canonical":"https:\/\/www.lgldesign.com\/fr\/portfolio\/projet-wa-ornementation-intemporelle\/","og_locale":"fr_FR","og_type":"article","og_title":"Projet WA - Ornementation intemporelle - LGL Woodworks","og_description":"Ornementation intemporelle Sur ce projet ornement\u00e9, nous avons pu d\u00e9lier nos jambes en termes de sculpture sur mesure et d&rsquo;utilisation de moulures en r\u00e9sine. Des portes en verre fabriqu\u00e9es \u00e0 la main aux plinthes et couronnes inspir\u00e9es, tout \u00e9tait dans... Lire la suite Lire la suite from Projet WA &#8211; Ornementation intemporelle","og_url":"https:\/\/www.lgldesign.com\/fr\/portfolio\/projet-wa-ornementation-intemporelle\/","og_site_name":"LGL Woodworks","article_modified_time":"2024-02-07T14:53:46+00:00","og_image":[{"url":"https:\/\/www.lgldesign.com\/wp-content\/uploads\/2022\/10\/photo-theme-wa.jpg"}],"schema":{"@context":"https:\/\/schema.org","@graph":[{"@type":"WebPage","@id":"https:\/\/www.lgldesign.com\/fr\/portfolio\/projet-wa-ornementation-intemporelle\/","url":"https:\/\/www.lgldesign.com\/fr\/portfolio\/projet-wa-ornementation-intemporelle\/","name":"Projet WA - Ornementation intemporelle - LGL Woodworks","isPartOf":{"@id":"https:\/\/www.lgldesign.com\/fr\/#website"},"datePublished":"2022-10-14T17:28:06+00:00","dateModified":"2024-02-07T14:53:46+00:00","breadcrumb":{"@id":"https:\/\/www.lgldesign.com\/fr\/portfolio\/projet-wa-ornementation-intemporelle\/#breadcrumb"},"inLanguage":"fr-FR","potentialAction":[{"@type":"ReadAction","target":["https:\/\/www.lgldesign.com\/fr\/portfolio\/projet-wa-ornementation-intemporelle\/"]}]},{"@type":"BreadcrumbList","@id":"https:\/\/www.lgldesign.com\/fr\/portfolio\/projet-wa-ornementation-intemporelle\/#breadcrumb","itemListElement":[{"@type":"ListItem","position":1,"name":"Home","item":"https:\/\/www.lgldesign.com\/fr\/"},{"@type":"ListItem","position":2,"name":"Portfolio","item":"https:\/\/www.lgldesign.com\/fr\/portfolio\/"},{"@type":"ListItem","position":3,"name":"Projet WA &#8211; Ornementation intemporelle"}]},{"@type":"WebSite","@id":"https:\/\/www.lgldesign.com\/fr\/#website","url":"https:\/\/www.lgldesign.com\/fr\/","name":"LGL Woodworks","description":"\u00c9b\u00e9nisterie","publisher":{"@id":"https:\/\/www.lgldesign.com\/fr\/#organization"},"potentialAction":[{"@type":"SearchAction","target":{"@type":"EntryPoint","urlTemplate":"https:\/\/www.lgldesign.com\/fr\/?s={search_term_string}"},"query-input":"required name=search_term_string"}],"inLanguage":"fr-FR"},{"@type":"Organization","@id":"https:\/\/www.lgldesign.com\/fr\/#organization","name":"LGL Woodworks","url":"https:\/\/www.lgldesign.com\/fr\/","logo":{"@type":"ImageObject","inLanguage":"fr-FR","@id":"https:\/\/www.lgldesign.com\/fr\/#\/schema\/logo\/image\/","url":"https:\/\/www.lgldesign.com\/wp-content\/uploads\/2023\/05\/logo-en.png","contentUrl":"https:\/\/www.lgldesign.com\/wp-content\/uploads\/2023\/05\/logo-en.png","width":800,"height":397,"caption":"LGL Woodworks"},"image":{"@id":"https:\/\/www.lgldesign.com\/fr\/#\/schema\/logo\/image\/"}}]}},"_links":{"self":[{"href":"https:\/\/www.lgldesign.com\/fr\/wp-json\/wp\/v2\/pages\/4124"}],"collection":[{"href":"https:\/\/www.lgldesign.com\/fr\/wp-json\/wp\/v2\/pages"}],"about":[{"href":"https:\/\/www.lgldesign.com\/fr\/wp-json\/wp\/v2\/types\/page"}],"author":[{"embeddable":true,"href":"https:\/\/www.lgldesign.com\/fr\/wp-json\/wp\/v2\/users\/1"}],"replies":[{"embeddable":true,"href":"https:\/\/www.lgldesign.com\/fr\/wp-json\/wp\/v2\/comments?post=4124"}],"version-history":[{"count":4,"href":"https:\/\/www.lgldesign.com\/fr\/wp-json\/wp\/v2\/pages\/4124\/revisions"}],"predecessor-version":[{"id":4337,"href":"https:\/\/www.lgldesign.com\/fr\/wp-json\/wp\/v2\/pages\/4124\/revisions\/4337"}],"up":[{"embeddable":true,"href":"https:\/\/www.lgldesign.com\/fr\/wp-json\/wp\/v2\/pages\/3613"}],"wp:attachment":[{"href":"https:\/\/www.lgldesign.com\/fr\/wp-json\/wp\/v2\/media?parent=4124"}],"curies":[{"name":"wp","href":"https:\/\/api.w.org\/{rel}","templated":true}]}}